{"id":4222,"date":"2017-02-05T19:20:16","date_gmt":"2017-02-05T18:20:16","guid":{"rendered":"https:\/\/www.oekermann.de\/zalety\/"},"modified":"2023-09-21T09:00:58","modified_gmt":"2023-09-21T07:00:58","slug":"zalety","status":"publish","type":"page","link":"https:\/\/www.oekermann.de\/pl\/zalety\/","title":{"rendered":"Zalety"},"content":{"rendered":"<ul class=\"themen-index-links\">\n<li>\n<h2><a href=\"https:\/\/www.oekermann.de\/vorteile\/elektronische-steuerung\/\">Sterowanie elektroniczne<\/a><\/h2>\n<p>Nasz nowy sterownik CPU 10 Touch \u0142\u0105czy w sobie dziesi\u0119ciolecia naszych do\u015bwiadcze\u0144 z intefejsem przyjaznym dla u\u017cytkownika. Oczywi\u015bcie w naszej ofercie pozostaj\u0105 r\u00f3wnie\u017c nasze dobrze znane kompaktowe sterowniki.<br \/>\n<a class=\"d-btn d-btn-primary d-btn-normal\" href=\"https:\/\/www.oekermann.de\/vorteile\/elektronische-steuerung\/\"><b>dowiedz si\u0119 wi\u0119cej \u203a<\/b><\/a><\/li>\n<li>\n<h2><a href=\"https:\/\/www.oekermann.de\/vorteile\/foerderung-geringer-wassermengen\/\">Brak osad\u00f3w i zgnilizny<\/a><\/h2>\n<p>Firma OEKERMANN oferuje systemy, kt\u00f3re zapobiegaj\u0105 gniciu i tworzeniu si\u0119 osad\u00f3w w rurach ci\u015bnieniowych. Oznacza to brak nieprzyjemnych zapach\u00f3w dla mieszka\u0144c\u00f3w, a tak\u017ce brak uszkodze\u0144 korozyjnych element\u00f3w stalowych i betonowych.<\/p>\n<p><a class=\"d-btn d-btn-primary d-btn-normal\" href=\"https:\/\/www.oekermann.de\/vorteile\/foerderung-geringer-wassermengen\/\"><b>dowiedz si\u0119 wi\u0119cej\u203a<\/b><\/a><\/li>\n<li>\n<h2><a href=\"https:\/\/www.oekermann.de\/vorteile\/hoehenueberwindung\/\">Elastyczne prowadzenie przewod\u00f3w ci\u015bnieniowych<\/a><\/h2>\n<p>\u015acieki mog\u0105 by\u0107 pompowane przez dowoln\u0105 ilo\u015b\u0107 najwy\u017cszych i najni\u017cszych punkt\u00f3w, bez stosowania k\u0142opotliwych zawor\u00f3w wentylacyjnych i odpowietrzaj\u0105cych.<\/p>\n<p><a class=\"d-btn d-btn-primary d-btn-normal\" href=\"https:\/\/www.oekermann.de\/vorteile\/hoehenueberwindung\/\"><b>dowiedz si\u0119 wi\u0119cej\u203a<\/b><\/a><\/li>\n<li>\n<h2><a href=\"https:\/\/www.oekermann.de\/vorteile\/druckleitungen\/\">Pokonywanie d\u0142u\u017cszych dystans\u00f3w<\/a><\/h2>\n<p>Dzi\u0119ki technologi oczyszczania \u015bciek\u00f3w OEKERMANN \u015bcieki mog\u0105 by\u0107 transportowane na odleg\u0142o\u015bci do nawet kilku kilometr\u00f3w.<\/p>\n<p><a class=\"d-btn d-btn-primary d-btn-normal\" href=\"https:\/\/www.oekermann.de\/vorteile\/druckleitungen\/\"><b>dowiedz si\u0119 wi\u0119cej\u203a<\/b><\/a><\/li>\n<li>\n<h2><a href=\"https:\/\/www.oekermann.de\/vorteile\/keine-verstopfung\/\">\u017badnych zator\u00f3w<\/a><\/h2>\n<p>Pneumatyczne systemy OEKERMANN charakteryzuj\u0105 si\u0119  niezwykle d\u0142ug\u0105 \u017cywotno\u015bci\u0105. Cz\u0119\u015b\u0107, przez kt\u00f3r\u0105 przep\u0142ywaj\u0105 \u015bcieki jest wolna od ruchomych element\u00f3w mechanicznych (z wyj\u0105tkiem p\u0142yt zasuwowy wlotu i kul strony t\u0142ocz\u0105cej, kt\u00f3re wymagaj\u0105 minimalnej konserwacji).<\/p>\n<p><a class=\"d-btn d-btn-primary d-btn-normal\" href=\"https:\/\/www.oekermann.de\/vorteile\/keine-verstopfung\/\"><b>dowiedz si\u0119 wi\u0119cej\u203a<\/b><\/a><\/li>\n<li>\n<h2><a href=\"https:\/\/www.oekermann.de\/anwendungsfaelle\/\">Wszechstronne zastosowania<\/a><\/h2>\n<p>Niezale\u017cnie od tego, czy chodzi o ma\u0142e miasteczka na obszarach wiejskich, obszary handlowe, miejsca postojowe na autostradzie, czy inne budynki, kt\u00f3re trudno jest pod\u0142\u0105czy\u0107 do systemu kanalizacyjnego, pneumatyczna technologia przepompowywania \u015bciek\u00f3w zapewnia rozwi\u0105zania dla wielu r\u00f3\u017cnych zagadnie\u0144<\/p>\n<p><a class=\"d-btn d-btn-primary d-btn-normal\" href=\"https:\/\/www.oekermann.de\/anwendungsfaelle\/\"><b>dowiedz si\u0119 wi\u0119cej\u203a<\/b><\/a><\/li>\n<li>\n<h2><a href=\"https:\/\/www.oekermann.de\/vorteile\/wirtschaftlichkeit\/\">Ekonomiczno\u015b\u0107<\/a><\/h2>\n<p>Systemy OEKERMANN s\u0105 m\u0105dr\u0105 inwestycj\u0105 ze wzgl\u0119du na swoj\u0105 tra\u0142o\u015b\u0107 i \u0142atwo\u015b\u0107 konserwacji, a tak\u017ce indywidualnie opracowane sterowanie elektroniczne, kt\u00f3re zapewnia najwy\u017cszy poziom bezpiecze\u0144stwa przed atakami haker\u00f3w<\/p>\n<p><a class=\"d-btn d-btn-primary d-btn-normal\" href=\"https:\/\/www.oekermann.de\/vorteile\/wirtschaftlichkeit\/\"><b>dowiedz si\u0119 wi\u0119cej\u203a<\/b><\/a><\/li>\n<li>\n<h2><a href=\"https:\/\/www.oekermann.de\/vorteile\/wartung\/\">Pierwszorz\u0119dna, konserwacja w rozs\u0105dnej cenie<\/a><\/h2>\n<p>W ramach wyjazd\u00f3w monta\u017cowych sprawdzamy ca\u0142y system, optymalizujemy wszystkie ustawienia oraz wymieniamy uszkodzone cz\u0119\u015bci i zatkane filtry.<\/p>\n<p><a class=\"d-btn d-btn-primary d-btn-normal\" href=\"https:\/\/www.oekermann.de\/vorteile\/wartung\/\"><b>dowiedz si\u0119 wi\u0119cej\u203a<\/b><\/a><\/li>\n<li>\n<h2><a href=\"https:\/\/www.oekermann.de\/vorteile\/verbundsysteme\/\">Systemy z\u0142o\u017cone<\/a><\/h2>\n<p>Umo\u017cliwiamy \u0142atwe wdro\u017cenia po\u0142\u0105czonych ze sob\u0105 system\u00f3w w celu utworzenia wsp\u00f3lnej sieci.<\/p>\n<p><a class=\"d-btn d-btn-primary d-btn-normal\" href=\"https:\/\/www.oekermann.de\/vorteile\/verbundsysteme\/\"><b>dowiedz si\u0119 wi\u0119cej\u203a<\/b><\/a><\/li>\n<\/ul>\n","protected":false},"excerpt":{"rendered":"<p>Sterowanie elektroniczne Nasz nowy sterownik CPU 10 Touch \u0142\u0105czy w sobie dziesi\u0119ciolecia naszych do\u015bwiadcze\u0144 z intefejsem przyjaznym dla u\u017cytkownika. Oczywi\u015bcie w naszej ofercie pozostaj\u0105 r\u00f3wnie\u017c nasze dobrze znane kompaktowe sterowniki. dowiedz si\u0119 wi\u0119cej \u203a Brak osad\u00f3w i zgnilizny Firma OEKERMANN oferuje systemy, kt\u00f3re zapobiegaj\u0105 gniciu i tworzeniu si\u0119 osad\u00f3w w rurach ci\u015bnieniowych. Oznacza to brak<\/p>\n<p class=\"link-more\"><a href=\"https:\/\/www.oekermann.de\/pl\/zalety\/\" class=\"envor-btn\">Weiterlesen<span class=\"screen-reader-text\"> &#8220;Zalety&#8221;<\/span><\/a><\/p>\n","protected":false},"author":2,"featured_media":0,"parent":0,"menu_order":0,"comment_status":"closed","ping_status":"closed","template":"","meta":{"footnotes":""},"class_list":["post-4222","page","type-page","status-publish","hentry"],"yoast_head":"<!-- This site is optimized with the Yoast SEO plugin v27.4 - https:\/\/yoast.com\/product\/yoast-seo-wordpress\/ -->\n<title>Zalety - Pneumatische F\u00f6rdertechnik - OEKERMANN Abwassertechnik<\/title>\n<meta name=\"robots\" content=\"index, follow, max-snippet:-1, max-image-preview:large, max-video-preview:-1\" \/>\n<link rel=\"canonical\" href=\"https:\/\/www.oekermann.de\/pl\/zalety\/\" \/>\n<meta property=\"og:locale\" content=\"pl_PL\" \/>\n<meta property=\"og:type\" content=\"article\" \/>\n<meta property=\"og:title\" content=\"Zalety - Pneumatische F\u00f6rdertechnik - OEKERMANN Abwassertechnik\" \/>\n<meta property=\"og:description\" content=\"Sterowanie elektroniczne Nasz nowy sterownik CPU 10 Touch \u0142\u0105czy w sobie dziesi\u0119ciolecia naszych do\u015bwiadcze\u0144 z intefejsem przyjaznym dla u\u017cytkownika. Oczywi\u015bcie w naszej ofercie pozostaj\u0105 r\u00f3wnie\u017c nasze dobrze znane kompaktowe sterowniki. dowiedz si\u0119 wi\u0119cej \u203a Brak osad\u00f3w i zgnilizny Firma OEKERMANN oferuje systemy, kt\u00f3re zapobiegaj\u0105 gniciu i tworzeniu si\u0119 osad\u00f3w w rurach ci\u015bnieniowych. Oznacza to brakWeiterlesen &quot;Zalety&quot;\" \/>\n<meta property=\"og:url\" content=\"https:\/\/www.oekermann.de\/pl\/zalety\/\" \/>\n<meta property=\"og:site_name\" content=\"Pneumatische F\u00f6rdertechnik - OEKERMANN Abwassertechnik\" \/>\n<meta property=\"article:publisher\" content=\"https:\/\/www.facebook.com\/pages\/Oekermann-Abwassertechnik\/1007781205906685\" \/>\n<meta property=\"article:modified_time\" content=\"2023-09-21T07:00:58+00:00\" \/>\n<meta name=\"twitter:card\" content=\"summary_large_image\" \/>\n<meta name=\"twitter:site\" content=\"@Oekermann\" \/>\n<meta name=\"twitter:label1\" content=\"Szacowany czas czytania\" \/>\n\t<meta name=\"twitter:data1\" content=\"2 minuty\" \/>\n<script type=\"application\/ld+json\" class=\"yoast-schema-graph\">{\"@context\":\"https:\\\/\\\/schema.org\",\"@graph\":[{\"@type\":\"WebPage\",\"@id\":\"https:\\\/\\\/www.oekermann.de\\\/pl\\\/zalety\\\/\",\"url\":\"https:\\\/\\\/www.oekermann.de\\\/pl\\\/zalety\\\/\",\"name\":\"Zalety - Pneumatische F\u00f6rdertechnik - OEKERMANN Abwassertechnik\",\"isPartOf\":{\"@id\":\"https:\\\/\\\/www.oekermann.de\\\/#website\"},\"datePublished\":\"2017-02-05T18:20:16+00:00\",\"dateModified\":\"2023-09-21T07:00:58+00:00\",\"breadcrumb\":{\"@id\":\"https:\\\/\\\/www.oekermann.de\\\/pl\\\/zalety\\\/#breadcrumb\"},\"inLanguage\":\"pl-PL\",\"potentialAction\":[{\"@type\":\"ReadAction\",\"target\":[\"https:\\\/\\\/www.oekermann.de\\\/pl\\\/zalety\\\/\"]}]},{\"@type\":\"BreadcrumbList\",\"@id\":\"https:\\\/\\\/www.oekermann.de\\\/pl\\\/zalety\\\/#breadcrumb\",\"itemListElement\":[{\"@type\":\"ListItem\",\"position\":1,\"name\":\"Startseite\",\"item\":\"https:\\\/\\\/www.oekermann.de\\\/pl\\\/\"},{\"@type\":\"ListItem\",\"position\":2,\"name\":\"Zalety\"}]},{\"@type\":\"WebSite\",\"@id\":\"https:\\\/\\\/www.oekermann.de\\\/#website\",\"url\":\"https:\\\/\\\/www.oekermann.de\\\/\",\"name\":\"Pneumatische F\u00f6rdertechnik - OEKERMANN Abwassertechnik\",\"description\":\"\",\"potentialAction\":[{\"@type\":\"SearchAction\",\"target\":{\"@type\":\"EntryPoint\",\"urlTemplate\":\"https:\\\/\\\/www.oekermann.de\\\/?s={search_term_string}\"},\"query-input\":{\"@type\":\"PropertyValueSpecification\",\"valueRequired\":true,\"valueName\":\"search_term_string\"}}],\"inLanguage\":\"pl-PL\"}]}<\/script>\n<!-- \/ Yoast SEO plugin. -->","yoast_head_json":{"title":"Zalety - Pneumatische F\u00f6rdertechnik - OEKERMANN Abwassertechnik","robots":{"index":"index","follow":"follow","max-snippet":"max-snippet:-1","max-image-preview":"max-image-preview:large","max-video-preview":"max-video-preview:-1"},"canonical":"https:\/\/www.oekermann.de\/pl\/zalety\/","og_locale":"pl_PL","og_type":"article","og_title":"Zalety - Pneumatische F\u00f6rdertechnik - OEKERMANN Abwassertechnik","og_description":"Sterowanie elektroniczne Nasz nowy sterownik CPU 10 Touch \u0142\u0105czy w sobie dziesi\u0119ciolecia naszych do\u015bwiadcze\u0144 z intefejsem przyjaznym dla u\u017cytkownika. Oczywi\u015bcie w naszej ofercie pozostaj\u0105 r\u00f3wnie\u017c nasze dobrze znane kompaktowe sterowniki. dowiedz si\u0119 wi\u0119cej \u203a Brak osad\u00f3w i zgnilizny Firma OEKERMANN oferuje systemy, kt\u00f3re zapobiegaj\u0105 gniciu i tworzeniu si\u0119 osad\u00f3w w rurach ci\u015bnieniowych. Oznacza to brakWeiterlesen \"Zalety\"","og_url":"https:\/\/www.oekermann.de\/pl\/zalety\/","og_site_name":"Pneumatische F\u00f6rdertechnik - OEKERMANN Abwassertechnik","article_publisher":"https:\/\/www.facebook.com\/pages\/Oekermann-Abwassertechnik\/1007781205906685","article_modified_time":"2023-09-21T07:00:58+00:00","twitter_card":"summary_large_image","twitter_site":"@Oekermann","twitter_misc":{"Szacowany czas czytania":"2 minuty"},"schema":{"@context":"https:\/\/schema.org","@graph":[{"@type":"WebPage","@id":"https:\/\/www.oekermann.de\/pl\/zalety\/","url":"https:\/\/www.oekermann.de\/pl\/zalety\/","name":"Zalety - Pneumatische F\u00f6rdertechnik - OEKERMANN Abwassertechnik","isPartOf":{"@id":"https:\/\/www.oekermann.de\/#website"},"datePublished":"2017-02-05T18:20:16+00:00","dateModified":"2023-09-21T07:00:58+00:00","breadcrumb":{"@id":"https:\/\/www.oekermann.de\/pl\/zalety\/#breadcrumb"},"inLanguage":"pl-PL","potentialAction":[{"@type":"ReadAction","target":["https:\/\/www.oekermann.de\/pl\/zalety\/"]}]},{"@type":"BreadcrumbList","@id":"https:\/\/www.oekermann.de\/pl\/zalety\/#breadcrumb","itemListElement":[{"@type":"ListItem","position":1,"name":"Startseite","item":"https:\/\/www.oekermann.de\/pl\/"},{"@type":"ListItem","position":2,"name":"Zalety"}]},{"@type":"WebSite","@id":"https:\/\/www.oekermann.de\/#website","url":"https:\/\/www.oekermann.de\/","name":"Pneumatische F\u00f6rdertechnik - OEKERMANN Abwassertechnik","description":"","potentialAction":[{"@type":"SearchAction","target":{"@type":"EntryPoint","urlTemplate":"https:\/\/www.oekermann.de\/?s={search_term_string}"},"query-input":{"@type":"PropertyValueSpecification","valueRequired":true,"valueName":"search_term_string"}}],"inLanguage":"pl-PL"}]}},"_links":{"self":[{"href":"https:\/\/www.oekermann.de\/pl\/wp-json\/wp\/v2\/pages\/4222","targetHints":{"allow":["GET"]}}],"collection":[{"href":"https:\/\/www.oekermann.de\/pl\/wp-json\/wp\/v2\/pages"}],"about":[{"href":"https:\/\/www.oekermann.de\/pl\/wp-json\/wp\/v2\/types\/page"}],"author":[{"embeddable":true,"href":"https:\/\/www.oekermann.de\/pl\/wp-json\/wp\/v2\/users\/2"}],"replies":[{"embeddable":true,"href":"https:\/\/www.oekermann.de\/pl\/wp-json\/wp\/v2\/comments?post=4222"}],"version-history":[{"count":1,"href":"https:\/\/www.oekermann.de\/pl\/wp-json\/wp\/v2\/pages\/4222\/revisions"}],"predecessor-version":[{"id":4236,"href":"https:\/\/www.oekermann.de\/pl\/wp-json\/wp\/v2\/pages\/4222\/revisions\/4236"}],"wp:attachment":[{"href":"https:\/\/www.oekermann.de\/pl\/wp-json\/wp\/v2\/media?parent=4222"}],"curies":[{"name":"wp","href":"https:\/\/api.w.org\/{rel}","templated":true}]}}