{"id":4239,"date":"2018-02-07T10:26:45","date_gmt":"2018-02-07T09:26:45","guid":{"rendered":"https:\/\/www.oekermann.de\/o-nas\/pomysl\/"},"modified":"2025-12-17T09:09:23","modified_gmt":"2025-12-17T08:09:23","slug":"pomysl","status":"publish","type":"page","link":"https:\/\/www.oekermann.de\/pl\/o-nas\/pomysl\/","title":{"rendered":"Pomys\u0142"},"content":{"rendered":"<section>Nasza firma ma d\u0142ug\u0105 histori\u0119. Zosta\u0142a za\u0142o\u017cona w 1977 roku pod nazw\u0105 &#8220;Oekermann &#038; Niemann KG&#8221;. W 1985 roku firma zmieni\u0142a nazw\u0119 na &#8220;Oekermann KG&#8221;, a w 2005 roku na dzisiejsz\u0105 &#8220;Oekermann GmbH &#038; Co. KG&#8221;.<\/p>\n<p>Przygoda rozpocze\u0142a si\u0119 1 kwietnia 1977 roku. Nasza firma dos\u0142ownie zaczyna\u0142a od piwnicy i gara\u017cu. Pocz\u0105tkowo jako ma\u0142a firma, w kt\u00f3rej za\u0142o\u017cyciele sami montowali pierwsze systemy. Nied\u0142ugo potem zatrudniono pierwszego montera, a w 1981 roku drugiego.<\/p>\n<figure style=\"background-color:#ddd; border:5px solid #ddd; display:inline-block;\">\n<img decoding=\"async\" src=\"https:\/\/www.oekermann.de\/wp-content\/uploads\/2021\/09\/Rolf-Oekermann.jpg\" alt=\"Rolf Oekermann - Der Firmengr\u00fcnder\"><figcaption style=\"padding:5px 5px 0;\">Firmengr\u00fcnder Rolf Oekermann<\/figcaption><\/figure>\n<p>Biznes rozwija\u0142 si\u0119 dobrze, dlatego na przestrzeni lat wynajmowano r\u00f3\u017cne magazyny i warsztaty, a\u017c w 1993 roku mogli\u015bmy si\u0119 przenie\u015b\u0107 do w\u0142asnej firmy w Bielefeld &#8211; Altenhangen (w pobli\u017cu wjazdu na autostrad\u0119 Ostwestfalen &#8211; Lippe na BAB A2).<\/p>\n<p>Jak w przypadku wielu innych start &#8211; up\u00f3w nie zawsze by\u0142o samych sukces\u00f3w, szczeg\u00f3lnie w pierwszych latach. Zawsze jednak starali\u015bmy si\u0119 elminowa\u0107 b\u0142\u0119dy techniczne oraz uczy\u0107 si\u0119 i stale ulepsza\u0107 systemy.<\/p>\n<p>Dzi\u015b z wdzi\u0119czno\u015bci\u0105 spogl\u0105damy wstecz na ostatnie 45 lat i pomy\u015blnie zbudowane systemy i chcieliby\u015bmy skorzysta\u0107 z okazji, aby wyrazi\u0107 nasze serdeczne podzi\u0119kowania wszystkim partnerom biznesowym, klientom i dostawcom, zw\u0142aszcza tym, kt\u00f3rzy byli gotowi w pierwszych latach na wprowadzenie zupe\u0142nie nowej technologii na rynek.<\/p>\n<p>Do dzi\u015b koncentrujemy si\u0119 na produkcji <a href=\"https:\/\/www.oekermann.de\/pneumatische-abwasserfoerderung-vs-konventionelle-pumpentechnik\/\">pneumatycznych system\u00f3w \u015bciek\u00f3w<\/a> i dlatego jeste\u015bmy specjalistami, w tym szczeg\u00f3lnym sektorze technologii oczyszczania \u015bciek\u00f3w.<\/p>\n<p>Wiele z pierwszych dostarczonych system\u00f3w istnieje do dzi\u015b, a niekt\u00f3re z nich przesz\u0142y generalny remont.<\/p>\n<div class=\"row\">\n<div class=\"col-lg-6\">\n<img decoding=\"async\" src=\"\/wp-content\/uploads\/2018\/02\/OEKERMANN-Erfahrung-2.jpg\" class=\"img-1\">\n      <\/div>\n<div class=\"col-lg-6\">\n         <img decoding=\"async\" src=\"\/wp-content\/uploads\/2018\/02\/OEKERMANN-Erfahrung.jpg\" class=\"img-1\">\n      <\/div>\n<\/p><\/div>\n<\/section>\n<section class=\"page-nav\">\n<div class=\"animate-in\" data-anim-type=\"fade-in-right-big\" data-anim-delay=\"\"><a class=\"envor-btn envor-btn-primary envor-btn-normal next\" href=\"https:\/\/www.oekermann.de\/ueber-uns\/philosophie\/\"> <span>filozofia<\/span> <i class=\"fa fa-chevron-right\"><\/i> <\/a><a class=\"envor-btn envor-btn-primary envor-btn-normal prev\" href=\"https:\/\/www.oekermann.de\/ueber-uns\/meilensteine\/\"><i class=\"fa fa-chevron-left\"><\/i> <span>kamienie milowe<\/span> <\/a><\/div>\n<\/section>\n","protected":false},"excerpt":{"rendered":"<p>Nasza firma ma d\u0142ug\u0105 histori\u0119. Zosta\u0142a za\u0142o\u017cona w 1977 roku pod nazw\u0105 &#8220;Oekermann &#038; Niemann KG&#8221;. W 1985 roku firma zmieni\u0142a nazw\u0119 na &#8220;Oekermann KG&#8221;, a w 2005 roku na dzisiejsz\u0105 &#8220;Oekermann GmbH &#038; Co. KG&#8221;. Przygoda rozpocze\u0142a si\u0119 1 kwietnia 1977 roku. Nasza firma dos\u0142ownie zaczyna\u0142a od piwnicy i gara\u017cu. Pocz\u0105tkowo jako ma\u0142a firma,<\/p>\n<p class=\"link-more\"><a href=\"https:\/\/www.oekermann.de\/pl\/o-nas\/pomysl\/\" class=\"envor-btn\">Weiterlesen<span class=\"screen-reader-text\"> &#8220;Pomys\u0142&#8221;<\/span><\/a><\/p>\n","protected":false},"author":2,"featured_media":0,"parent":4230,"menu_order":0,"comment_status":"closed","ping_status":"closed","template":"","meta":{"footnotes":""},"class_list":["post-4239","page","type-page","status-publish","hentry"],"yoast_head":"<!-- This site is optimized with the Yoast SEO plugin v27.4 - https:\/\/yoast.com\/product\/yoast-seo-wordpress\/ -->\n<title>Pomys\u0142 - Pneumatische F\u00f6rdertechnik - OEKERMANN Abwassertechnik<\/title>\n<meta name=\"robots\" content=\"index, follow, max-snippet:-1, max-image-preview:large, max-video-preview:-1\" \/>\n<link rel=\"canonical\" href=\"https:\/\/www.oekermann.de\/pl\/o-nas\/pomysl\/\" \/>\n<meta property=\"og:locale\" content=\"pl_PL\" \/>\n<meta property=\"og:type\" content=\"article\" \/>\n<meta property=\"og:title\" content=\"Pomys\u0142 - Pneumatische F\u00f6rdertechnik - OEKERMANN Abwassertechnik\" \/>\n<meta property=\"og:description\" content=\"Nasza firma ma d\u0142ug\u0105 histori\u0119. Zosta\u0142a za\u0142o\u017cona w 1977 roku pod nazw\u0105 &#8220;Oekermann &#038; Niemann KG&#8221;. W 1985 roku firma zmieni\u0142a nazw\u0119 na &#8220;Oekermann KG&#8221;, a w 2005 roku na dzisiejsz\u0105 &#8220;Oekermann GmbH &#038; Co. KG&#8221;. Przygoda rozpocze\u0142a si\u0119 1 kwietnia 1977 roku. Nasza firma dos\u0142ownie zaczyna\u0142a od piwnicy i gara\u017cu. Pocz\u0105tkowo jako ma\u0142a firma,Weiterlesen &quot;Pomys\u0142&quot;\" \/>\n<meta property=\"og:url\" content=\"https:\/\/www.oekermann.de\/pl\/o-nas\/pomysl\/\" \/>\n<meta property=\"og:site_name\" content=\"Pneumatische F\u00f6rdertechnik - OEKERMANN Abwassertechnik\" \/>\n<meta property=\"article:publisher\" content=\"https:\/\/www.facebook.com\/pages\/Oekermann-Abwassertechnik\/1007781205906685\" \/>\n<meta property=\"article:modified_time\" content=\"2025-12-17T08:09:23+00:00\" \/>\n<meta property=\"og:image\" content=\"https:\/\/www.oekermann.de\/wp-content\/uploads\/2021\/09\/Rolf-Oekermann.jpg\" \/>\n<meta name=\"twitter:card\" content=\"summary_large_image\" \/>\n<meta name=\"twitter:site\" content=\"@Oekermann\" \/>\n<meta name=\"twitter:label1\" content=\"Szacowany czas czytania\" \/>\n\t<meta name=\"twitter:data1\" content=\"2 minuty\" \/>\n<script type=\"application\/ld+json\" class=\"yoast-schema-graph\">{\"@context\":\"https:\\\/\\\/schema.org\",\"@graph\":[{\"@type\":\"WebPage\",\"@id\":\"https:\\\/\\\/www.oekermann.de\\\/pl\\\/o-nas\\\/pomysl\\\/\",\"url\":\"https:\\\/\\\/www.oekermann.de\\\/pl\\\/o-nas\\\/pomysl\\\/\",\"name\":\"Pomys\u0142 - Pneumatische F\u00f6rdertechnik - OEKERMANN Abwassertechnik\",\"isPartOf\":{\"@id\":\"https:\\\/\\\/www.oekermann.de\\\/#website\"},\"primaryImageOfPage\":{\"@id\":\"https:\\\/\\\/www.oekermann.de\\\/pl\\\/o-nas\\\/pomysl\\\/#primaryimage\"},\"image\":{\"@id\":\"https:\\\/\\\/www.oekermann.de\\\/pl\\\/o-nas\\\/pomysl\\\/#primaryimage\"},\"thumbnailUrl\":\"https:\\\/\\\/www.oekermann.de\\\/wp-content\\\/uploads\\\/2021\\\/09\\\/Rolf-Oekermann.jpg\",\"datePublished\":\"2018-02-07T09:26:45+00:00\",\"dateModified\":\"2025-12-17T08:09:23+00:00\",\"breadcrumb\":{\"@id\":\"https:\\\/\\\/www.oekermann.de\\\/pl\\\/o-nas\\\/pomysl\\\/#breadcrumb\"},\"inLanguage\":\"pl-PL\",\"potentialAction\":[{\"@type\":\"ReadAction\",\"target\":[\"https:\\\/\\\/www.oekermann.de\\\/pl\\\/o-nas\\\/pomysl\\\/\"]}]},{\"@type\":\"ImageObject\",\"inLanguage\":\"pl-PL\",\"@id\":\"https:\\\/\\\/www.oekermann.de\\\/pl\\\/o-nas\\\/pomysl\\\/#primaryimage\",\"url\":\"https:\\\/\\\/www.oekermann.de\\\/wp-content\\\/uploads\\\/2021\\\/09\\\/Rolf-Oekermann.jpg\",\"contentUrl\":\"https:\\\/\\\/www.oekermann.de\\\/wp-content\\\/uploads\\\/2021\\\/09\\\/Rolf-Oekermann.jpg\"},{\"@type\":\"BreadcrumbList\",\"@id\":\"https:\\\/\\\/www.oekermann.de\\\/pl\\\/o-nas\\\/pomysl\\\/#breadcrumb\",\"itemListElement\":[{\"@type\":\"ListItem\",\"position\":1,\"name\":\"Startseite\",\"item\":\"https:\\\/\\\/www.oekermann.de\\\/pl\\\/\"},{\"@type\":\"ListItem\",\"position\":2,\"name\":\"O nas\",\"item\":\"https:\\\/\\\/www.oekermann.de\\\/pl\\\/o-nas\\\/\"},{\"@type\":\"ListItem\",\"position\":3,\"name\":\"Pomys\u0142\"}]},{\"@type\":\"WebSite\",\"@id\":\"https:\\\/\\\/www.oekermann.de\\\/#website\",\"url\":\"https:\\\/\\\/www.oekermann.de\\\/\",\"name\":\"Pneumatische F\u00f6rdertechnik - OEKERMANN Abwassertechnik\",\"description\":\"\",\"potentialAction\":[{\"@type\":\"SearchAction\",\"target\":{\"@type\":\"EntryPoint\",\"urlTemplate\":\"https:\\\/\\\/www.oekermann.de\\\/?s={search_term_string}\"},\"query-input\":{\"@type\":\"PropertyValueSpecification\",\"valueRequired\":true,\"valueName\":\"search_term_string\"}}],\"inLanguage\":\"pl-PL\"}]}<\/script>\n<!-- \/ Yoast SEO plugin. -->","yoast_head_json":{"title":"Pomys\u0142 - Pneumatische F\u00f6rdertechnik - OEKERMANN Abwassertechnik","robots":{"index":"index","follow":"follow","max-snippet":"max-snippet:-1","max-image-preview":"max-image-preview:large","max-video-preview":"max-video-preview:-1"},"canonical":"https:\/\/www.oekermann.de\/pl\/o-nas\/pomysl\/","og_locale":"pl_PL","og_type":"article","og_title":"Pomys\u0142 - Pneumatische F\u00f6rdertechnik - OEKERMANN Abwassertechnik","og_description":"Nasza firma ma d\u0142ug\u0105 histori\u0119. Zosta\u0142a za\u0142o\u017cona w 1977 roku pod nazw\u0105 &#8220;Oekermann &#038; Niemann KG&#8221;. W 1985 roku firma zmieni\u0142a nazw\u0119 na &#8220;Oekermann KG&#8221;, a w 2005 roku na dzisiejsz\u0105 &#8220;Oekermann GmbH &#038; Co. KG&#8221;. Przygoda rozpocze\u0142a si\u0119 1 kwietnia 1977 roku. Nasza firma dos\u0142ownie zaczyna\u0142a od piwnicy i gara\u017cu. Pocz\u0105tkowo jako ma\u0142a firma,Weiterlesen \"Pomys\u0142\"","og_url":"https:\/\/www.oekermann.de\/pl\/o-nas\/pomysl\/","og_site_name":"Pneumatische F\u00f6rdertechnik - OEKERMANN Abwassertechnik","article_publisher":"https:\/\/www.facebook.com\/pages\/Oekermann-Abwassertechnik\/1007781205906685","article_modified_time":"2025-12-17T08:09:23+00:00","og_image":[{"url":"https:\/\/www.oekermann.de\/wp-content\/uploads\/2021\/09\/Rolf-Oekermann.jpg","type":"","width":"","height":""}],"twitter_card":"summary_large_image","twitter_site":"@Oekermann","twitter_misc":{"Szacowany czas czytania":"2 minuty"},"schema":{"@context":"https:\/\/schema.org","@graph":[{"@type":"WebPage","@id":"https:\/\/www.oekermann.de\/pl\/o-nas\/pomysl\/","url":"https:\/\/www.oekermann.de\/pl\/o-nas\/pomysl\/","name":"Pomys\u0142 - Pneumatische F\u00f6rdertechnik - OEKERMANN Abwassertechnik","isPartOf":{"@id":"https:\/\/www.oekermann.de\/#website"},"primaryImageOfPage":{"@id":"https:\/\/www.oekermann.de\/pl\/o-nas\/pomysl\/#primaryimage"},"image":{"@id":"https:\/\/www.oekermann.de\/pl\/o-nas\/pomysl\/#primaryimage"},"thumbnailUrl":"https:\/\/www.oekermann.de\/wp-content\/uploads\/2021\/09\/Rolf-Oekermann.jpg","datePublished":"2018-02-07T09:26:45+00:00","dateModified":"2025-12-17T08:09:23+00:00","breadcrumb":{"@id":"https:\/\/www.oekermann.de\/pl\/o-nas\/pomysl\/#breadcrumb"},"inLanguage":"pl-PL","potentialAction":[{"@type":"ReadAction","target":["https:\/\/www.oekermann.de\/pl\/o-nas\/pomysl\/"]}]},{"@type":"ImageObject","inLanguage":"pl-PL","@id":"https:\/\/www.oekermann.de\/pl\/o-nas\/pomysl\/#primaryimage","url":"https:\/\/www.oekermann.de\/wp-content\/uploads\/2021\/09\/Rolf-Oekermann.jpg","contentUrl":"https:\/\/www.oekermann.de\/wp-content\/uploads\/2021\/09\/Rolf-Oekermann.jpg"},{"@type":"BreadcrumbList","@id":"https:\/\/www.oekermann.de\/pl\/o-nas\/pomysl\/#breadcrumb","itemListElement":[{"@type":"ListItem","position":1,"name":"Startseite","item":"https:\/\/www.oekermann.de\/pl\/"},{"@type":"ListItem","position":2,"name":"O nas","item":"https:\/\/www.oekermann.de\/pl\/o-nas\/"},{"@type":"ListItem","position":3,"name":"Pomys\u0142"}]},{"@type":"WebSite","@id":"https:\/\/www.oekermann.de\/#website","url":"https:\/\/www.oekermann.de\/","name":"Pneumatische F\u00f6rdertechnik - OEKERMANN Abwassertechnik","description":"","potentialAction":[{"@type":"SearchAction","target":{"@type":"EntryPoint","urlTemplate":"https:\/\/www.oekermann.de\/?s={search_term_string}"},"query-input":{"@type":"PropertyValueSpecification","valueRequired":true,"valueName":"search_term_string"}}],"inLanguage":"pl-PL"}]}},"_links":{"self":[{"href":"https:\/\/www.oekermann.de\/pl\/wp-json\/wp\/v2\/pages\/4239","targetHints":{"allow":["GET"]}}],"collection":[{"href":"https:\/\/www.oekermann.de\/pl\/wp-json\/wp\/v2\/pages"}],"about":[{"href":"https:\/\/www.oekermann.de\/pl\/wp-json\/wp\/v2\/types\/page"}],"author":[{"embeddable":true,"href":"https:\/\/www.oekermann.de\/pl\/wp-json\/wp\/v2\/users\/2"}],"replies":[{"embeddable":true,"href":"https:\/\/www.oekermann.de\/pl\/wp-json\/wp\/v2\/comments?post=4239"}],"version-history":[{"count":2,"href":"https:\/\/www.oekermann.de\/pl\/wp-json\/wp\/v2\/pages\/4239\/revisions"}],"predecessor-version":[{"id":5407,"href":"https:\/\/www.oekermann.de\/pl\/wp-json\/wp\/v2\/pages\/4239\/revisions\/5407"}],"up":[{"embeddable":true,"href":"https:\/\/www.oekermann.de\/pl\/wp-json\/wp\/v2\/pages\/4230"}],"wp:attachment":[{"href":"https:\/\/www.oekermann.de\/pl\/wp-json\/wp\/v2\/media?parent=4239"}],"curies":[{"name":"wp","href":"https:\/\/api.w.org\/{rel}","templated":true}]}}