{"id":4240,"date":"2019-08-27T18:46:17","date_gmt":"2019-08-27T16:46:17","guid":{"rendered":"https:\/\/www.oekermann.de\/o-nas\/filozofia\/"},"modified":"2023-09-21T10:38:04","modified_gmt":"2023-09-21T08:38:04","slug":"filozofia","status":"publish","type":"page","link":"https:\/\/www.oekermann.de\/pl\/o-nas\/filozofia\/","title":{"rendered":"Filozofia"},"content":{"rendered":"<section>\n<p>Od pocz\u0105tku firma<a href=\"https:\/\/www.oekermann.de\/ueber-uns\/meilensteine\/\"> OEKERMANN<\/a> stawia\u0142a na produkcj\u0119 <a href=\"https:\/\/www.oekermann.de\/vorteile\/keine-verstopfung\/\">trwa\u0142ych<\/a> <a href=\"https:\/\/www.oekermann.de\/pneumatische-abwasserfoerderung-vs-konventionelle-pumpentechnik\/\">przepompowni \u015bciek\u00f3w<\/a>, kt\u00f3re s\u0105 przestronne i przyjazne dla u\u017cytkownika. Osi\u0105ga si\u0119 to mi\u0119dzy innymi poprzez stosowanie wysokiej jako\u015bci komponent\u00f3w system\u00f3w przemys\u0142owych, pochodz\u0105cych od sprawdzonych dostawc\u00f3w.<\/p>\n<p>Z g\u00f3ry nasza firma zapewnia optymaln\u0105 konfiguracj\u0119 systemu, dzi\u0119ki czemu jako nasz klient uzyskasz odpowiedni\u0105 wydajno\u015b\u0107, jakiej oczekujesz, z jednej strony pod wzgl\u0119dem parametr\u00f3w technicznych, a tak\u017ce urz\u0105dze\u0144 peryferyjnych, takich jak ha\u0142as i powstawanie ciep\u0142a, zu\u017cycie itp. Dla ka\u017cdego projektu otrzymasz najlepsze mo\u017cliwe indywidualne rozwi\u0105zanie.<\/p>\n<p>Po zbudowaniu systemu nadal jeste\u015bcie dla nas wa\u017cni, zapewniamy <a href=\"https:\/\/www.oekermann.de\/wartung\/\">kompleksow\u0105 obs\u0142ug\u0119<\/a> w ofercie.<\/p>\n<p>Jeste\u015bmy \u015bredniej wielko\u015bci firm\u0105 i mo\u017cemy dzia\u0142a\u0107 dla Ciebie szybko i skutecznie, dzi\u0119ki wysoce zmotywowanemu zespo\u0142owi, kt\u00f3ry \u015bci\u015ble ze sob\u0105 wsp\u00f3\u0142pracuje. Nasza szybka gotowo\u015b\u0107 do monta\u017cu, a tak\u017ce nasz najwy\u017cszej klasy serwis telefoniczny s\u0105 dos\u0142ownie legendarne. Z regu\u0142y kompleksow\u0105 ob\u0142sug\u0119 otrzymasz od r\u0119ki, bez d\u0142ugiego czasu oczekiwania.<\/p>\n<h2>Serwis<\/h2>\n<p>OEKERMANN jest jedyn\u0105 firm\u0105 oferuj\u0105c\u0105 kompletny, wszechstronny pakiet zapewniaj\u0105cy operatorom i planistom optymalny wynik:<\/p>\n<ul style=\"margin-left:30px;\">\n<li style=\"margin-bottom:15px;\"><strong>Planowanie:<\/strong> Kompleksowe doradztwo przy planowaniu nowych <a href=\"https:\/\/www.oekermann.de\/vorteile\/foerderung-geringer-wassermengen\/\">pneumatycznych przepompowni \u015bciek\u00f3w<\/a>, pocz\u0105wszy od oblicze\u0144 linii ci\u015bnieniowej i instalacji po projekt budowlany.<\/li>\n<li style=\"margin-bottom:15px;\"><strong>Produkcja:<\/strong> Budowa wysokiej jako\u015bci pneumatycznych przepompowni \u015bciek\u00f3w (in\u017cynieria mechaniczna i elektryczna), zazwyczaj przez w\u0142asny, przeszkolony personel.<\/li>\n<li style=\"margin-bottom:15px;\"><strong>Opieka:<\/strong> Kompletny serwis posprzeda\u017cowy, kompetentny <a href=\"https:\/\/www.oekermann.de\/kontakt\/ihre-ansprechpartner\/\">serwis telefoniczny<\/a>, wdro\u017cenie <a href=\"https:\/\/www.oekermann.de\/wartung\/service-bei-der-pneumatischen-abwasser-foerderung\/\">us\u0142ug konserwacyjnych<\/a> z umow\u0105 serwisow\u0105 lub bez, modernizacja starych system\u00f3w, doradztwo na miejscu.<\/li>\n<\/ul>\n<\/section>\n<section class=\"page-nav\">\n<div class=\"animate-in\" data-anim-type=\"fade-in-right-big\" data-anim-delay=\"\"><a class=\"envor-btn envor-btn-primary envor-btn-normal next\" href=\"https:\/\/www.oekermann.de\/ueber-uns\/meilensteine\/\"> <span>kroki milowe<\/span> <i class=\"fa fa-chevron-right\"><\/i> <\/a><a class=\"envor-btn envor-btn-primary envor-btn-normal prev\" href=\"https:\/\/www.oekermann.de\/ueber-uns\/die-idee\/\"><i class=\"fa fa-chevron-left\"><\/i> <span>pomys\u0142<\/span> <\/a><\/div>\n<\/section>\n","protected":false},"excerpt":{"rendered":"<p>Od pocz\u0105tku firma OEKERMANN stawia\u0142a na produkcj\u0119 trwa\u0142ych przepompowni \u015bciek\u00f3w, kt\u00f3re s\u0105 przestronne i przyjazne dla u\u017cytkownika. Osi\u0105ga si\u0119 to mi\u0119dzy innymi poprzez stosowanie wysokiej jako\u015bci komponent\u00f3w system\u00f3w przemys\u0142owych, pochodz\u0105cych od sprawdzonych dostawc\u00f3w. Z g\u00f3ry nasza firma zapewnia optymaln\u0105 konfiguracj\u0119 systemu, dzi\u0119ki czemu jako nasz klient uzyskasz odpowiedni\u0105 wydajno\u015b\u0107, jakiej oczekujesz, z jednej strony pod<\/p>\n<p class=\"link-more\"><a href=\"https:\/\/www.oekermann.de\/pl\/o-nas\/filozofia\/\" class=\"envor-btn\">Weiterlesen<span class=\"screen-reader-text\"> &#8220;Filozofia&#8221;<\/span><\/a><\/p>\n","protected":false},"author":2,"featured_media":0,"parent":4230,"menu_order":0,"comment_status":"closed","ping_status":"closed","template":"","meta":{"footnotes":""},"class_list":["post-4240","page","type-page","status-publish","hentry"],"yoast_head":"<!-- This site is optimized with the Yoast SEO plugin v27.4 - https:\/\/yoast.com\/product\/yoast-seo-wordpress\/ -->\n<title>Filozofia - Pneumatische F\u00f6rdertechnik - OEKERMANN Abwassertechnik<\/title>\n<meta name=\"robots\" content=\"index, follow, max-snippet:-1, max-image-preview:large, max-video-preview:-1\" \/>\n<link rel=\"canonical\" href=\"https:\/\/www.oekermann.de\/pl\/o-nas\/filozofia\/\" \/>\n<meta property=\"og:locale\" content=\"pl_PL\" \/>\n<meta property=\"og:type\" content=\"article\" \/>\n<meta property=\"og:title\" content=\"Filozofia - Pneumatische F\u00f6rdertechnik - OEKERMANN Abwassertechnik\" \/>\n<meta property=\"og:description\" content=\"Od pocz\u0105tku firma OEKERMANN stawia\u0142a na produkcj\u0119 trwa\u0142ych przepompowni \u015bciek\u00f3w, kt\u00f3re s\u0105 przestronne i przyjazne dla u\u017cytkownika. Osi\u0105ga si\u0119 to mi\u0119dzy innymi poprzez stosowanie wysokiej jako\u015bci komponent\u00f3w system\u00f3w przemys\u0142owych, pochodz\u0105cych od sprawdzonych dostawc\u00f3w. Z g\u00f3ry nasza firma zapewnia optymaln\u0105 konfiguracj\u0119 systemu, dzi\u0119ki czemu jako nasz klient uzyskasz odpowiedni\u0105 wydajno\u015b\u0107, jakiej oczekujesz, z jednej strony podWeiterlesen &quot;Filozofia&quot;\" \/>\n<meta property=\"og:url\" content=\"https:\/\/www.oekermann.de\/pl\/o-nas\/filozofia\/\" \/>\n<meta property=\"og:site_name\" content=\"Pneumatische F\u00f6rdertechnik - OEKERMANN Abwassertechnik\" \/>\n<meta property=\"article:publisher\" content=\"https:\/\/www.facebook.com\/pages\/Oekermann-Abwassertechnik\/1007781205906685\" \/>\n<meta property=\"article:modified_time\" content=\"2023-09-21T08:38:04+00:00\" \/>\n<meta name=\"twitter:card\" content=\"summary_large_image\" \/>\n<meta name=\"twitter:site\" content=\"@Oekermann\" \/>\n<meta name=\"twitter:label1\" content=\"Szacowany czas czytania\" \/>\n\t<meta name=\"twitter:data1\" content=\"1 minuta\" \/>\n<script type=\"application\/ld+json\" class=\"yoast-schema-graph\">{\"@context\":\"https:\\\/\\\/schema.org\",\"@graph\":[{\"@type\":\"WebPage\",\"@id\":\"https:\\\/\\\/www.oekermann.de\\\/pl\\\/o-nas\\\/filozofia\\\/\",\"url\":\"https:\\\/\\\/www.oekermann.de\\\/pl\\\/o-nas\\\/filozofia\\\/\",\"name\":\"Filozofia - Pneumatische F\u00f6rdertechnik - OEKERMANN Abwassertechnik\",\"isPartOf\":{\"@id\":\"https:\\\/\\\/www.oekermann.de\\\/#website\"},\"datePublished\":\"2019-08-27T16:46:17+00:00\",\"dateModified\":\"2023-09-21T08:38:04+00:00\",\"breadcrumb\":{\"@id\":\"https:\\\/\\\/www.oekermann.de\\\/pl\\\/o-nas\\\/filozofia\\\/#breadcrumb\"},\"inLanguage\":\"pl-PL\",\"potentialAction\":[{\"@type\":\"ReadAction\",\"target\":[\"https:\\\/\\\/www.oekermann.de\\\/pl\\\/o-nas\\\/filozofia\\\/\"]}]},{\"@type\":\"BreadcrumbList\",\"@id\":\"https:\\\/\\\/www.oekermann.de\\\/pl\\\/o-nas\\\/filozofia\\\/#breadcrumb\",\"itemListElement\":[{\"@type\":\"ListItem\",\"position\":1,\"name\":\"Startseite\",\"item\":\"https:\\\/\\\/www.oekermann.de\\\/pl\\\/\"},{\"@type\":\"ListItem\",\"position\":2,\"name\":\"O nas\",\"item\":\"https:\\\/\\\/www.oekermann.de\\\/pl\\\/o-nas\\\/\"},{\"@type\":\"ListItem\",\"position\":3,\"name\":\"Filozofia\"}]},{\"@type\":\"WebSite\",\"@id\":\"https:\\\/\\\/www.oekermann.de\\\/#website\",\"url\":\"https:\\\/\\\/www.oekermann.de\\\/\",\"name\":\"Pneumatische F\u00f6rdertechnik - OEKERMANN Abwassertechnik\",\"description\":\"\",\"potentialAction\":[{\"@type\":\"SearchAction\",\"target\":{\"@type\":\"EntryPoint\",\"urlTemplate\":\"https:\\\/\\\/www.oekermann.de\\\/?s={search_term_string}\"},\"query-input\":{\"@type\":\"PropertyValueSpecification\",\"valueRequired\":true,\"valueName\":\"search_term_string\"}}],\"inLanguage\":\"pl-PL\"}]}<\/script>\n<!-- \/ Yoast SEO plugin. -->","yoast_head_json":{"title":"Filozofia - Pneumatische F\u00f6rdertechnik - OEKERMANN Abwassertechnik","robots":{"index":"index","follow":"follow","max-snippet":"max-snippet:-1","max-image-preview":"max-image-preview:large","max-video-preview":"max-video-preview:-1"},"canonical":"https:\/\/www.oekermann.de\/pl\/o-nas\/filozofia\/","og_locale":"pl_PL","og_type":"article","og_title":"Filozofia - Pneumatische F\u00f6rdertechnik - OEKERMANN Abwassertechnik","og_description":"Od pocz\u0105tku firma OEKERMANN stawia\u0142a na produkcj\u0119 trwa\u0142ych przepompowni \u015bciek\u00f3w, kt\u00f3re s\u0105 przestronne i przyjazne dla u\u017cytkownika. Osi\u0105ga si\u0119 to mi\u0119dzy innymi poprzez stosowanie wysokiej jako\u015bci komponent\u00f3w system\u00f3w przemys\u0142owych, pochodz\u0105cych od sprawdzonych dostawc\u00f3w. Z g\u00f3ry nasza firma zapewnia optymaln\u0105 konfiguracj\u0119 systemu, dzi\u0119ki czemu jako nasz klient uzyskasz odpowiedni\u0105 wydajno\u015b\u0107, jakiej oczekujesz, z jednej strony podWeiterlesen \"Filozofia\"","og_url":"https:\/\/www.oekermann.de\/pl\/o-nas\/filozofia\/","og_site_name":"Pneumatische F\u00f6rdertechnik - OEKERMANN Abwassertechnik","article_publisher":"https:\/\/www.facebook.com\/pages\/Oekermann-Abwassertechnik\/1007781205906685","article_modified_time":"2023-09-21T08:38:04+00:00","twitter_card":"summary_large_image","twitter_site":"@Oekermann","twitter_misc":{"Szacowany czas czytania":"1 minuta"},"schema":{"@context":"https:\/\/schema.org","@graph":[{"@type":"WebPage","@id":"https:\/\/www.oekermann.de\/pl\/o-nas\/filozofia\/","url":"https:\/\/www.oekermann.de\/pl\/o-nas\/filozofia\/","name":"Filozofia - Pneumatische F\u00f6rdertechnik - OEKERMANN Abwassertechnik","isPartOf":{"@id":"https:\/\/www.oekermann.de\/#website"},"datePublished":"2019-08-27T16:46:17+00:00","dateModified":"2023-09-21T08:38:04+00:00","breadcrumb":{"@id":"https:\/\/www.oekermann.de\/pl\/o-nas\/filozofia\/#breadcrumb"},"inLanguage":"pl-PL","potentialAction":[{"@type":"ReadAction","target":["https:\/\/www.oekermann.de\/pl\/o-nas\/filozofia\/"]}]},{"@type":"BreadcrumbList","@id":"https:\/\/www.oekermann.de\/pl\/o-nas\/filozofia\/#breadcrumb","itemListElement":[{"@type":"ListItem","position":1,"name":"Startseite","item":"https:\/\/www.oekermann.de\/pl\/"},{"@type":"ListItem","position":2,"name":"O nas","item":"https:\/\/www.oekermann.de\/pl\/o-nas\/"},{"@type":"ListItem","position":3,"name":"Filozofia"}]},{"@type":"WebSite","@id":"https:\/\/www.oekermann.de\/#website","url":"https:\/\/www.oekermann.de\/","name":"Pneumatische F\u00f6rdertechnik - OEKERMANN Abwassertechnik","description":"","potentialAction":[{"@type":"SearchAction","target":{"@type":"EntryPoint","urlTemplate":"https:\/\/www.oekermann.de\/?s={search_term_string}"},"query-input":{"@type":"PropertyValueSpecification","valueRequired":true,"valueName":"search_term_string"}}],"inLanguage":"pl-PL"}]}},"_links":{"self":[{"href":"https:\/\/www.oekermann.de\/pl\/wp-json\/wp\/v2\/pages\/4240","targetHints":{"allow":["GET"]}}],"collection":[{"href":"https:\/\/www.oekermann.de\/pl\/wp-json\/wp\/v2\/pages"}],"about":[{"href":"https:\/\/www.oekermann.de\/pl\/wp-json\/wp\/v2\/types\/page"}],"author":[{"embeddable":true,"href":"https:\/\/www.oekermann.de\/pl\/wp-json\/wp\/v2\/users\/2"}],"replies":[{"embeddable":true,"href":"https:\/\/www.oekermann.de\/pl\/wp-json\/wp\/v2\/comments?post=4240"}],"version-history":[{"count":2,"href":"https:\/\/www.oekermann.de\/pl\/wp-json\/wp\/v2\/pages\/4240\/revisions"}],"predecessor-version":[{"id":4242,"href":"https:\/\/www.oekermann.de\/pl\/wp-json\/wp\/v2\/pages\/4240\/revisions\/4242"}],"up":[{"embeddable":true,"href":"https:\/\/www.oekermann.de\/pl\/wp-json\/wp\/v2\/pages\/4230"}],"wp:attachment":[{"href":"https:\/\/www.oekermann.de\/pl\/wp-json\/wp\/v2\/media?parent=4240"}],"curies":[{"name":"wp","href":"https:\/\/api.w.org\/{rel}","templated":true}]}}