{"id":4246,"date":"2022-06-24T00:36:42","date_gmt":"2022-06-23T22:36:42","guid":{"rendered":"https:\/\/www.oekermann.de\/o-nas\/kariera-w-oekermann\/"},"modified":"2025-02-11T14:26:22","modified_gmt":"2025-02-11T13:26:22","slug":"kariera-w-oekermann","status":"publish","type":"page","link":"https:\/\/www.oekermann.de\/pl\/o-nas\/kariera-w-oekermann\/","title":{"rendered":"Kariera w OEKERMANN"},"content":{"rendered":"<section>\n<p>Obecnie wiele s\u0142yszy si\u0119 i czyta o kr\u00f3tkich okresach zatrudnienia w danej firmie, cz\u0119stych zmianach pracy przez pracownik\u00f3w oraz o samej definicji s\u0142owa &#8220;praca&#8221;.<\/p>\n<p>Dzia\u0142alno\u015b\u0107 naszych pracownik\u00f3w w naszej firmie postrzegamy jako co\u015b wi\u0119cej ni\u017c &#8220;tylko prac\u0119&#8221;. To nie tylko jednorazowane zadanie, czy cykliczna praca wykonywana rutynowo ale ciekawa i r\u00f3\u017cnorodna dziedzina zawodowa, kt\u00f3ra ka\u017cdego dnia przynosi nowe wyzwania. Uwa\u017camy, \u017ce termin &#8220;zaw\u00f3d&#8221; jest bardziej odpowiedni do prowadzonej przez nas dzia\u0142alno\u015bci. Wi\u0119kszo\u015b\u0107 naszych pracownik\u00f3w to in\u017cynierowie mechatronicy lub zawody pokrewne, obejmuj\u0105ce zawody \u015blusarza i elektryka\/elektronika<\/p>\n<p>By\u0142o i nadal jest dla nas normalne, gdy nasi pracownicy pozostaj\u0105 z nami przez d\u0142ugi czas &#8211; by\u0107 mo\u017ce nawet dziesi\u0119ciolecia. W 2014 roku mogli\u015bmy po\u017cegna\u0107 pracownika, kt\u00f3ry po ponad 30 latach pracy odchodzi\u0142 na emerytur\u0119. Na ten moment mamy dw\u00f3ch pracownik\u00f3w z ponad 35 i 30 &#8211; letnim sta\u017cem.<\/p>\n<p>Je\u017celi jeste\u015b wykwalfikowany i zainteresowany, pochodzisz z bran\u017cy mechatroniki, techniki kompresor\u00f3w, czy sanitarnej lub pokrewnej i wyobra\u017casz sobie wsp\u00f3\u0142prac\u0119 z nami mo\u017cesz by\u0107 pewien, \u017ce jeste\u015bmy zainteresowani d\u0142ugotrwa\u0142\u0105 wsp\u00f3\u0142prac\u0105. Czekamy na Twoje zg\u0142oszenie!<\/p>\n<\/section>\n","protected":false},"excerpt":{"rendered":"<p>Obecnie wiele s\u0142yszy si\u0119 i czyta o kr\u00f3tkich okresach zatrudnienia w danej firmie, cz\u0119stych zmianach pracy przez pracownik\u00f3w oraz o samej definicji s\u0142owa &#8220;praca&#8221;. Dzia\u0142alno\u015b\u0107 naszych pracownik\u00f3w w naszej firmie postrzegamy jako co\u015b wi\u0119cej ni\u017c &#8220;tylko prac\u0119&#8221;. To nie tylko jednorazowane zadanie, czy cykliczna praca wykonywana rutynowo ale ciekawa i r\u00f3\u017cnorodna dziedzina zawodowa, kt\u00f3ra ka\u017cdego<\/p>\n<p class=\"link-more\"><a href=\"https:\/\/www.oekermann.de\/pl\/o-nas\/kariera-w-oekermann\/\" class=\"envor-btn\">Weiterlesen<span class=\"screen-reader-text\"> &#8220;Kariera w OEKERMANN&#8221;<\/span><\/a><\/p>\n","protected":false},"author":1,"featured_media":0,"parent":4230,"menu_order":0,"comment_status":"closed","ping_status":"closed","template":"","meta":{"footnotes":""},"class_list":["post-4246","page","type-page","status-publish","hentry"],"yoast_head":"<!-- This site is optimized with the Yoast SEO plugin v27.4 - https:\/\/yoast.com\/product\/yoast-seo-wordpress\/ -->\n<title>Kariera w OEKERMANN - Pneumatische F\u00f6rdertechnik - OEKERMANN Abwassertechnik<\/title>\n<meta name=\"robots\" content=\"index, follow, max-snippet:-1, max-image-preview:large, max-video-preview:-1\" \/>\n<link rel=\"canonical\" href=\"https:\/\/www.oekermann.de\/pl\/o-nas\/kariera-w-oekermann\/\" \/>\n<meta property=\"og:locale\" content=\"pl_PL\" \/>\n<meta property=\"og:type\" content=\"article\" \/>\n<meta property=\"og:title\" content=\"Kariera w OEKERMANN - Pneumatische F\u00f6rdertechnik - OEKERMANN Abwassertechnik\" \/>\n<meta property=\"og:description\" content=\"Obecnie wiele s\u0142yszy si\u0119 i czyta o kr\u00f3tkich okresach zatrudnienia w danej firmie, cz\u0119stych zmianach pracy przez pracownik\u00f3w oraz o samej definicji s\u0142owa &#8220;praca&#8221;. Dzia\u0142alno\u015b\u0107 naszych pracownik\u00f3w w naszej firmie postrzegamy jako co\u015b wi\u0119cej ni\u017c &#8220;tylko prac\u0119&#8221;. To nie tylko jednorazowane zadanie, czy cykliczna praca wykonywana rutynowo ale ciekawa i r\u00f3\u017cnorodna dziedzina zawodowa, kt\u00f3ra ka\u017cdegoWeiterlesen &quot;Kariera w OEKERMANN&quot;\" \/>\n<meta property=\"og:url\" content=\"https:\/\/www.oekermann.de\/pl\/o-nas\/kariera-w-oekermann\/\" \/>\n<meta property=\"og:site_name\" content=\"Pneumatische F\u00f6rdertechnik - OEKERMANN Abwassertechnik\" \/>\n<meta property=\"article:publisher\" content=\"https:\/\/www.facebook.com\/pages\/Oekermann-Abwassertechnik\/1007781205906685\" \/>\n<meta property=\"article:modified_time\" content=\"2025-02-11T13:26:22+00:00\" \/>\n<meta name=\"twitter:card\" content=\"summary_large_image\" \/>\n<meta name=\"twitter:site\" content=\"@Oekermann\" \/>\n<meta name=\"twitter:label1\" content=\"Szacowany czas czytania\" \/>\n\t<meta name=\"twitter:data1\" content=\"1 minuta\" \/>\n<script type=\"application\/ld+json\" class=\"yoast-schema-graph\">{\"@context\":\"https:\\\/\\\/schema.org\",\"@graph\":[{\"@type\":\"WebPage\",\"@id\":\"https:\\\/\\\/www.oekermann.de\\\/pl\\\/o-nas\\\/kariera-w-oekermann\\\/\",\"url\":\"https:\\\/\\\/www.oekermann.de\\\/pl\\\/o-nas\\\/kariera-w-oekermann\\\/\",\"name\":\"Kariera w OEKERMANN - Pneumatische F\u00f6rdertechnik - OEKERMANN Abwassertechnik\",\"isPartOf\":{\"@id\":\"https:\\\/\\\/www.oekermann.de\\\/#website\"},\"datePublished\":\"2022-06-23T22:36:42+00:00\",\"dateModified\":\"2025-02-11T13:26:22+00:00\",\"breadcrumb\":{\"@id\":\"https:\\\/\\\/www.oekermann.de\\\/pl\\\/o-nas\\\/kariera-w-oekermann\\\/#breadcrumb\"},\"inLanguage\":\"pl-PL\",\"potentialAction\":[{\"@type\":\"ReadAction\",\"target\":[\"https:\\\/\\\/www.oekermann.de\\\/pl\\\/o-nas\\\/kariera-w-oekermann\\\/\"]}]},{\"@type\":\"BreadcrumbList\",\"@id\":\"https:\\\/\\\/www.oekermann.de\\\/pl\\\/o-nas\\\/kariera-w-oekermann\\\/#breadcrumb\",\"itemListElement\":[{\"@type\":\"ListItem\",\"position\":1,\"name\":\"Startseite\",\"item\":\"https:\\\/\\\/www.oekermann.de\\\/pl\\\/\"},{\"@type\":\"ListItem\",\"position\":2,\"name\":\"O nas\",\"item\":\"https:\\\/\\\/www.oekermann.de\\\/pl\\\/o-nas\\\/\"},{\"@type\":\"ListItem\",\"position\":3,\"name\":\"Kariera w OEKERMANN\"}]},{\"@type\":\"WebSite\",\"@id\":\"https:\\\/\\\/www.oekermann.de\\\/#website\",\"url\":\"https:\\\/\\\/www.oekermann.de\\\/\",\"name\":\"Pneumatische F\u00f6rdertechnik - OEKERMANN Abwassertechnik\",\"description\":\"\",\"potentialAction\":[{\"@type\":\"SearchAction\",\"target\":{\"@type\":\"EntryPoint\",\"urlTemplate\":\"https:\\\/\\\/www.oekermann.de\\\/?s={search_term_string}\"},\"query-input\":{\"@type\":\"PropertyValueSpecification\",\"valueRequired\":true,\"valueName\":\"search_term_string\"}}],\"inLanguage\":\"pl-PL\"}]}<\/script>\n<!-- \/ Yoast SEO plugin. -->","yoast_head_json":{"title":"Kariera w OEKERMANN - Pneumatische F\u00f6rdertechnik - OEKERMANN Abwassertechnik","robots":{"index":"index","follow":"follow","max-snippet":"max-snippet:-1","max-image-preview":"max-image-preview:large","max-video-preview":"max-video-preview:-1"},"canonical":"https:\/\/www.oekermann.de\/pl\/o-nas\/kariera-w-oekermann\/","og_locale":"pl_PL","og_type":"article","og_title":"Kariera w OEKERMANN - Pneumatische F\u00f6rdertechnik - OEKERMANN Abwassertechnik","og_description":"Obecnie wiele s\u0142yszy si\u0119 i czyta o kr\u00f3tkich okresach zatrudnienia w danej firmie, cz\u0119stych zmianach pracy przez pracownik\u00f3w oraz o samej definicji s\u0142owa &#8220;praca&#8221;. Dzia\u0142alno\u015b\u0107 naszych pracownik\u00f3w w naszej firmie postrzegamy jako co\u015b wi\u0119cej ni\u017c &#8220;tylko prac\u0119&#8221;. To nie tylko jednorazowane zadanie, czy cykliczna praca wykonywana rutynowo ale ciekawa i r\u00f3\u017cnorodna dziedzina zawodowa, kt\u00f3ra ka\u017cdegoWeiterlesen \"Kariera w OEKERMANN\"","og_url":"https:\/\/www.oekermann.de\/pl\/o-nas\/kariera-w-oekermann\/","og_site_name":"Pneumatische F\u00f6rdertechnik - OEKERMANN Abwassertechnik","article_publisher":"https:\/\/www.facebook.com\/pages\/Oekermann-Abwassertechnik\/1007781205906685","article_modified_time":"2025-02-11T13:26:22+00:00","twitter_card":"summary_large_image","twitter_site":"@Oekermann","twitter_misc":{"Szacowany czas czytania":"1 minuta"},"schema":{"@context":"https:\/\/schema.org","@graph":[{"@type":"WebPage","@id":"https:\/\/www.oekermann.de\/pl\/o-nas\/kariera-w-oekermann\/","url":"https:\/\/www.oekermann.de\/pl\/o-nas\/kariera-w-oekermann\/","name":"Kariera w OEKERMANN - Pneumatische F\u00f6rdertechnik - OEKERMANN Abwassertechnik","isPartOf":{"@id":"https:\/\/www.oekermann.de\/#website"},"datePublished":"2022-06-23T22:36:42+00:00","dateModified":"2025-02-11T13:26:22+00:00","breadcrumb":{"@id":"https:\/\/www.oekermann.de\/pl\/o-nas\/kariera-w-oekermann\/#breadcrumb"},"inLanguage":"pl-PL","potentialAction":[{"@type":"ReadAction","target":["https:\/\/www.oekermann.de\/pl\/o-nas\/kariera-w-oekermann\/"]}]},{"@type":"BreadcrumbList","@id":"https:\/\/www.oekermann.de\/pl\/o-nas\/kariera-w-oekermann\/#breadcrumb","itemListElement":[{"@type":"ListItem","position":1,"name":"Startseite","item":"https:\/\/www.oekermann.de\/pl\/"},{"@type":"ListItem","position":2,"name":"O nas","item":"https:\/\/www.oekermann.de\/pl\/o-nas\/"},{"@type":"ListItem","position":3,"name":"Kariera w OEKERMANN"}]},{"@type":"WebSite","@id":"https:\/\/www.oekermann.de\/#website","url":"https:\/\/www.oekermann.de\/","name":"Pneumatische F\u00f6rdertechnik - OEKERMANN Abwassertechnik","description":"","potentialAction":[{"@type":"SearchAction","target":{"@type":"EntryPoint","urlTemplate":"https:\/\/www.oekermann.de\/?s={search_term_string}"},"query-input":{"@type":"PropertyValueSpecification","valueRequired":true,"valueName":"search_term_string"}}],"inLanguage":"pl-PL"}]}},"_links":{"self":[{"href":"https:\/\/www.oekermann.de\/pl\/wp-json\/wp\/v2\/pages\/4246","targetHints":{"allow":["GET"]}}],"collection":[{"href":"https:\/\/www.oekermann.de\/pl\/wp-json\/wp\/v2\/pages"}],"about":[{"href":"https:\/\/www.oekermann.de\/pl\/wp-json\/wp\/v2\/types\/page"}],"author":[{"embeddable":true,"href":"https:\/\/www.oekermann.de\/pl\/wp-json\/wp\/v2\/users\/1"}],"replies":[{"embeddable":true,"href":"https:\/\/www.oekermann.de\/pl\/wp-json\/wp\/v2\/comments?post=4246"}],"version-history":[{"count":2,"href":"https:\/\/www.oekermann.de\/pl\/wp-json\/wp\/v2\/pages\/4246\/revisions"}],"predecessor-version":[{"id":4339,"href":"https:\/\/www.oekermann.de\/pl\/wp-json\/wp\/v2\/pages\/4246\/revisions\/4339"}],"up":[{"embeddable":true,"href":"https:\/\/www.oekermann.de\/pl\/wp-json\/wp\/v2\/pages\/4230"}],"wp:attachment":[{"href":"https:\/\/www.oekermann.de\/pl\/wp-json\/wp\/v2\/media?parent=4246"}],"curies":[{"name":"wp","href":"https:\/\/api.w.org\/{rel}","templated":true}]}}