{"id":4249,"date":"2022-06-24T00:31:40","date_gmt":"2022-06-23T22:31:40","guid":{"rendered":"https:\/\/www.oekermann.de\/o-nas\/monterzy\/"},"modified":"2025-02-11T14:25:18","modified_gmt":"2025-02-11T13:25:18","slug":"monterzy","status":"publish","type":"page","link":"https:\/\/www.oekermann.de\/pl\/o-nas\/monterzy\/","title":{"rendered":"Monterzy"},"content":{"rendered":"<section>\nPodczas wycieczek do poszczeg\u00f3lnych przepompowni poznasz kraj i jego mieszka\u0144c\u00f3w. To tak\u017ce pow\u00f3d, aby opr\u00f3cz ciekawej i wszechstronnej technologii realizowa\u0107 zaw\u00f3d montera.<\/p>\n<p>Niekt\u00f3rzy monterzy z Bielefeld OEKERMANN m\u00f3wi\u0105 teraz ca\u0142kiem dobrze, przynajmniej cz\u0119\u015bciowo j\u0119zykiem bawarskim i nocuj\u0105 w wiejskiej gospodzie, delektuj\u0105c si\u0119 regionalnymi specja\u0142ami. Do szczeg\u00f3lnie popularnych da\u0144 nale\u017c\u0105 &#8220;K\u00e4sesp\u00e4tzle&#8221;, piecze\u0144 wieprzowa z knedlami oraz stek drwala. To mi\u0142a odmiana od kuchni wschodnio &#8211; westfalskiej, cho\u0107 ona te\u017c ma sporo do zaoferowania.<\/p>\n<p>Przepompownie \u015bciek\u00f3w firmy OEKERMANN s\u0105 cz\u0119sto zlokalizowane w ma\u0142ych wioskach, b\u0119d\u0105c na miejscu monterzy cz\u0119sto s\u0105 wieczorami, w barze pytani z zainteresowaniem, co tam robi\u0105. Zdarzaj\u0105 si\u0119 te\u017c sytuacj\u0119, gdy mieszka\u0144cy w ci\u0105gu dnia przychodz\u0105 do przepompowni, aby dowiedzie\u0107 si\u0119 wi\u0119cej. <\/p>\n<p>Nie mo\u017cna te\u017c pomin\u0105\u0107 aspekt\u00f3w kulturowych, wieczorem cz\u0119sto masz okazj\u0119 pozna\u0107 lokalne zabytki.<\/p>\n<p><img loading=\"lazy\" decoding=\"async\" class=\"img-1\" src=\"https:\/\/www.oekermann.de\/wp-content\/uploads\/2018\/02\/1973-Hochbauteil-20160803_191953-3.8.2016.jpg\" alt=\"\" width=\"1066\" height=\"600\" \/><br \/>\n<\/section>\n","protected":false},"excerpt":{"rendered":"<p>Podczas wycieczek do poszczeg\u00f3lnych przepompowni poznasz kraj i jego mieszka\u0144c\u00f3w. To tak\u017ce pow\u00f3d, aby opr\u00f3cz ciekawej i wszechstronnej technologii realizowa\u0107 zaw\u00f3d montera. Niekt\u00f3rzy monterzy z Bielefeld OEKERMANN m\u00f3wi\u0105 teraz ca\u0142kiem dobrze, przynajmniej cz\u0119\u015bciowo j\u0119zykiem bawarskim i nocuj\u0105 w wiejskiej gospodzie, delektuj\u0105c si\u0119 regionalnymi specja\u0142ami. Do szczeg\u00f3lnie popularnych da\u0144 nale\u017c\u0105 &#8220;K\u00e4sesp\u00e4tzle&#8221;, piecze\u0144 wieprzowa z knedlami oraz<\/p>\n<p class=\"link-more\"><a href=\"https:\/\/www.oekermann.de\/pl\/o-nas\/monterzy\/\" class=\"envor-btn\">Weiterlesen<span class=\"screen-reader-text\"> &#8220;Monterzy&#8221;<\/span><\/a><\/p>\n","protected":false},"author":1,"featured_media":0,"parent":4230,"menu_order":0,"comment_status":"closed","ping_status":"closed","template":"","meta":{"footnotes":""},"class_list":["post-4249","page","type-page","status-publish","hentry"],"yoast_head":"<!-- This site is optimized with the Yoast SEO plugin v27.4 - https:\/\/yoast.com\/product\/yoast-seo-wordpress\/ -->\n<title>Monterzy - Pneumatische F\u00f6rdertechnik - OEKERMANN Abwassertechnik<\/title>\n<meta name=\"robots\" content=\"index, follow, max-snippet:-1, max-image-preview:large, max-video-preview:-1\" \/>\n<link rel=\"canonical\" href=\"https:\/\/www.oekermann.de\/pl\/o-nas\/monterzy\/\" \/>\n<meta property=\"og:locale\" content=\"pl_PL\" \/>\n<meta property=\"og:type\" content=\"article\" \/>\n<meta property=\"og:title\" content=\"Monterzy - Pneumatische F\u00f6rdertechnik - OEKERMANN Abwassertechnik\" \/>\n<meta property=\"og:description\" content=\"Podczas wycieczek do poszczeg\u00f3lnych przepompowni poznasz kraj i jego mieszka\u0144c\u00f3w. To tak\u017ce pow\u00f3d, aby opr\u00f3cz ciekawej i wszechstronnej technologii realizowa\u0107 zaw\u00f3d montera. Niekt\u00f3rzy monterzy z Bielefeld OEKERMANN m\u00f3wi\u0105 teraz ca\u0142kiem dobrze, przynajmniej cz\u0119\u015bciowo j\u0119zykiem bawarskim i nocuj\u0105 w wiejskiej gospodzie, delektuj\u0105c si\u0119 regionalnymi specja\u0142ami. Do szczeg\u00f3lnie popularnych da\u0144 nale\u017c\u0105 &#8220;K\u00e4sesp\u00e4tzle&#8221;, piecze\u0144 wieprzowa z knedlami orazWeiterlesen &quot;Monterzy&quot;\" \/>\n<meta property=\"og:url\" content=\"https:\/\/www.oekermann.de\/pl\/o-nas\/monterzy\/\" \/>\n<meta property=\"og:site_name\" content=\"Pneumatische F\u00f6rdertechnik - OEKERMANN Abwassertechnik\" \/>\n<meta property=\"article:publisher\" content=\"https:\/\/www.facebook.com\/pages\/Oekermann-Abwassertechnik\/1007781205906685\" \/>\n<meta property=\"article:modified_time\" content=\"2025-02-11T13:25:18+00:00\" \/>\n<meta property=\"og:image\" content=\"https:\/\/www.oekermann.de\/wp-content\/uploads\/2018\/02\/1973-Hochbauteil-20160803_191953-3.8.2016.jpg\" \/>\n<meta name=\"twitter:card\" content=\"summary_large_image\" \/>\n<meta name=\"twitter:site\" content=\"@Oekermann\" \/>\n<meta name=\"twitter:label1\" content=\"Szacowany czas czytania\" \/>\n\t<meta name=\"twitter:data1\" content=\"1 minuta\" \/>\n<script type=\"application\/ld+json\" class=\"yoast-schema-graph\">{\"@context\":\"https:\\\/\\\/schema.org\",\"@graph\":[{\"@type\":\"WebPage\",\"@id\":\"https:\\\/\\\/www.oekermann.de\\\/pl\\\/o-nas\\\/monterzy\\\/\",\"url\":\"https:\\\/\\\/www.oekermann.de\\\/pl\\\/o-nas\\\/monterzy\\\/\",\"name\":\"Monterzy - Pneumatische F\u00f6rdertechnik - OEKERMANN Abwassertechnik\",\"isPartOf\":{\"@id\":\"https:\\\/\\\/www.oekermann.de\\\/#website\"},\"primaryImageOfPage\":{\"@id\":\"https:\\\/\\\/www.oekermann.de\\\/pl\\\/o-nas\\\/monterzy\\\/#primaryimage\"},\"image\":{\"@id\":\"https:\\\/\\\/www.oekermann.de\\\/pl\\\/o-nas\\\/monterzy\\\/#primaryimage\"},\"thumbnailUrl\":\"https:\\\/\\\/www.oekermann.de\\\/wp-content\\\/uploads\\\/2018\\\/02\\\/1973-Hochbauteil-20160803_191953-3.8.2016.jpg\",\"datePublished\":\"2022-06-23T22:31:40+00:00\",\"dateModified\":\"2025-02-11T13:25:18+00:00\",\"breadcrumb\":{\"@id\":\"https:\\\/\\\/www.oekermann.de\\\/pl\\\/o-nas\\\/monterzy\\\/#breadcrumb\"},\"inLanguage\":\"pl-PL\",\"potentialAction\":[{\"@type\":\"ReadAction\",\"target\":[\"https:\\\/\\\/www.oekermann.de\\\/pl\\\/o-nas\\\/monterzy\\\/\"]}]},{\"@type\":\"ImageObject\",\"inLanguage\":\"pl-PL\",\"@id\":\"https:\\\/\\\/www.oekermann.de\\\/pl\\\/o-nas\\\/monterzy\\\/#primaryimage\",\"url\":\"https:\\\/\\\/www.oekermann.de\\\/wp-content\\\/uploads\\\/2018\\\/02\\\/1973-Hochbauteil-20160803_191953-3.8.2016.jpg\",\"contentUrl\":\"https:\\\/\\\/www.oekermann.de\\\/wp-content\\\/uploads\\\/2018\\\/02\\\/1973-Hochbauteil-20160803_191953-3.8.2016.jpg\"},{\"@type\":\"BreadcrumbList\",\"@id\":\"https:\\\/\\\/www.oekermann.de\\\/pl\\\/o-nas\\\/monterzy\\\/#breadcrumb\",\"itemListElement\":[{\"@type\":\"ListItem\",\"position\":1,\"name\":\"Startseite\",\"item\":\"https:\\\/\\\/www.oekermann.de\\\/pl\\\/\"},{\"@type\":\"ListItem\",\"position\":2,\"name\":\"O nas\",\"item\":\"https:\\\/\\\/www.oekermann.de\\\/pl\\\/o-nas\\\/\"},{\"@type\":\"ListItem\",\"position\":3,\"name\":\"Monterzy\"}]},{\"@type\":\"WebSite\",\"@id\":\"https:\\\/\\\/www.oekermann.de\\\/#website\",\"url\":\"https:\\\/\\\/www.oekermann.de\\\/\",\"name\":\"Pneumatische F\u00f6rdertechnik - OEKERMANN Abwassertechnik\",\"description\":\"\",\"potentialAction\":[{\"@type\":\"SearchAction\",\"target\":{\"@type\":\"EntryPoint\",\"urlTemplate\":\"https:\\\/\\\/www.oekermann.de\\\/?s={search_term_string}\"},\"query-input\":{\"@type\":\"PropertyValueSpecification\",\"valueRequired\":true,\"valueName\":\"search_term_string\"}}],\"inLanguage\":\"pl-PL\"}]}<\/script>\n<!-- \/ Yoast SEO plugin. -->","yoast_head_json":{"title":"Monterzy - Pneumatische F\u00f6rdertechnik - OEKERMANN Abwassertechnik","robots":{"index":"index","follow":"follow","max-snippet":"max-snippet:-1","max-image-preview":"max-image-preview:large","max-video-preview":"max-video-preview:-1"},"canonical":"https:\/\/www.oekermann.de\/pl\/o-nas\/monterzy\/","og_locale":"pl_PL","og_type":"article","og_title":"Monterzy - Pneumatische F\u00f6rdertechnik - OEKERMANN Abwassertechnik","og_description":"Podczas wycieczek do poszczeg\u00f3lnych przepompowni poznasz kraj i jego mieszka\u0144c\u00f3w. To tak\u017ce pow\u00f3d, aby opr\u00f3cz ciekawej i wszechstronnej technologii realizowa\u0107 zaw\u00f3d montera. Niekt\u00f3rzy monterzy z Bielefeld OEKERMANN m\u00f3wi\u0105 teraz ca\u0142kiem dobrze, przynajmniej cz\u0119\u015bciowo j\u0119zykiem bawarskim i nocuj\u0105 w wiejskiej gospodzie, delektuj\u0105c si\u0119 regionalnymi specja\u0142ami. Do szczeg\u00f3lnie popularnych da\u0144 nale\u017c\u0105 &#8220;K\u00e4sesp\u00e4tzle&#8221;, piecze\u0144 wieprzowa z knedlami orazWeiterlesen \"Monterzy\"","og_url":"https:\/\/www.oekermann.de\/pl\/o-nas\/monterzy\/","og_site_name":"Pneumatische F\u00f6rdertechnik - OEKERMANN Abwassertechnik","article_publisher":"https:\/\/www.facebook.com\/pages\/Oekermann-Abwassertechnik\/1007781205906685","article_modified_time":"2025-02-11T13:25:18+00:00","og_image":[{"url":"https:\/\/www.oekermann.de\/wp-content\/uploads\/2018\/02\/1973-Hochbauteil-20160803_191953-3.8.2016.jpg","type":"","width":"","height":""}],"twitter_card":"summary_large_image","twitter_site":"@Oekermann","twitter_misc":{"Szacowany czas czytania":"1 minuta"},"schema":{"@context":"https:\/\/schema.org","@graph":[{"@type":"WebPage","@id":"https:\/\/www.oekermann.de\/pl\/o-nas\/monterzy\/","url":"https:\/\/www.oekermann.de\/pl\/o-nas\/monterzy\/","name":"Monterzy - Pneumatische F\u00f6rdertechnik - OEKERMANN Abwassertechnik","isPartOf":{"@id":"https:\/\/www.oekermann.de\/#website"},"primaryImageOfPage":{"@id":"https:\/\/www.oekermann.de\/pl\/o-nas\/monterzy\/#primaryimage"},"image":{"@id":"https:\/\/www.oekermann.de\/pl\/o-nas\/monterzy\/#primaryimage"},"thumbnailUrl":"https:\/\/www.oekermann.de\/wp-content\/uploads\/2018\/02\/1973-Hochbauteil-20160803_191953-3.8.2016.jpg","datePublished":"2022-06-23T22:31:40+00:00","dateModified":"2025-02-11T13:25:18+00:00","breadcrumb":{"@id":"https:\/\/www.oekermann.de\/pl\/o-nas\/monterzy\/#breadcrumb"},"inLanguage":"pl-PL","potentialAction":[{"@type":"ReadAction","target":["https:\/\/www.oekermann.de\/pl\/o-nas\/monterzy\/"]}]},{"@type":"ImageObject","inLanguage":"pl-PL","@id":"https:\/\/www.oekermann.de\/pl\/o-nas\/monterzy\/#primaryimage","url":"https:\/\/www.oekermann.de\/wp-content\/uploads\/2018\/02\/1973-Hochbauteil-20160803_191953-3.8.2016.jpg","contentUrl":"https:\/\/www.oekermann.de\/wp-content\/uploads\/2018\/02\/1973-Hochbauteil-20160803_191953-3.8.2016.jpg"},{"@type":"BreadcrumbList","@id":"https:\/\/www.oekermann.de\/pl\/o-nas\/monterzy\/#breadcrumb","itemListElement":[{"@type":"ListItem","position":1,"name":"Startseite","item":"https:\/\/www.oekermann.de\/pl\/"},{"@type":"ListItem","position":2,"name":"O nas","item":"https:\/\/www.oekermann.de\/pl\/o-nas\/"},{"@type":"ListItem","position":3,"name":"Monterzy"}]},{"@type":"WebSite","@id":"https:\/\/www.oekermann.de\/#website","url":"https:\/\/www.oekermann.de\/","name":"Pneumatische F\u00f6rdertechnik - OEKERMANN Abwassertechnik","description":"","potentialAction":[{"@type":"SearchAction","target":{"@type":"EntryPoint","urlTemplate":"https:\/\/www.oekermann.de\/?s={search_term_string}"},"query-input":{"@type":"PropertyValueSpecification","valueRequired":true,"valueName":"search_term_string"}}],"inLanguage":"pl-PL"}]}},"_links":{"self":[{"href":"https:\/\/www.oekermann.de\/pl\/wp-json\/wp\/v2\/pages\/4249","targetHints":{"allow":["GET"]}}],"collection":[{"href":"https:\/\/www.oekermann.de\/pl\/wp-json\/wp\/v2\/pages"}],"about":[{"href":"https:\/\/www.oekermann.de\/pl\/wp-json\/wp\/v2\/types\/page"}],"author":[{"embeddable":true,"href":"https:\/\/www.oekermann.de\/pl\/wp-json\/wp\/v2\/users\/1"}],"replies":[{"embeddable":true,"href":"https:\/\/www.oekermann.de\/pl\/wp-json\/wp\/v2\/comments?post=4249"}],"version-history":[{"count":1,"href":"https:\/\/www.oekermann.de\/pl\/wp-json\/wp\/v2\/pages\/4249\/revisions"}],"predecessor-version":[{"id":4338,"href":"https:\/\/www.oekermann.de\/pl\/wp-json\/wp\/v2\/pages\/4249\/revisions\/4338"}],"up":[{"embeddable":true,"href":"https:\/\/www.oekermann.de\/pl\/wp-json\/wp\/v2\/pages\/4230"}],"wp:attachment":[{"href":"https:\/\/www.oekermann.de\/pl\/wp-json\/wp\/v2\/media?parent=4249"}],"curies":[{"name":"wp","href":"https:\/\/api.w.org\/{rel}","templated":true}]}}