{"id":4250,"date":"2022-06-29T20:33:59","date_gmt":"2022-06-29T18:33:59","guid":{"rendered":"https:\/\/www.oekermann.de\/o-nas\/praktyki\/"},"modified":"2023-09-21T13:53:09","modified_gmt":"2023-09-21T11:53:09","slug":"praktyki","status":"publish","type":"page","link":"https:\/\/www.oekermann.de\/pl\/o-nas\/praktyki\/","title":{"rendered":"Praktyki"},"content":{"rendered":"<p>Sta\u017c u rodzic\u00f3w? Nie wydawa\u0142o mnie si\u0119 to po\u017c\u0105dane, tak samo jak mojej najstarszej c\u00f3rce. Jednak przez pandemi\u0119 koronawirusa ona i wi\u0119kszo\u015b\u0107 jej kole\u017canek i koleg\u00f3w z klasy, mimo wielu wysi\u0142k\u00f3w nie mog\u0142y znale\u017a\u0107 pracy, bo jaka firma w tych czasach, chcia\u0142a zatrudnia\u0107 sta\u017cyst\u00f3w, cho\u0107by na jeden dzie\u0144.=, podczas gdy pracownicy musieli przesi\u0105\u015b\u0107 si\u0119 na tryb pracy zdalnej.<\/p>\n<p>Musz\u0119 jednak powiedzie\u0107, \u017ce odmowy ze strony przewa\u017cnie wi\u0119kszych firm by\u0142y bardzo osbiste, niezwykle przyjazne i uzasadnione, dlatego chcia\u0142bym wyrazi\u0107 za to ogromne uznanie dla wszystkich dzia\u0142\u00f3w HR i decydent\u00f3w! Jednocze\u015bnie szko\u0142a nalega\u0142a, aby ludzie nadal pr\u00f3bowali, tak\u017ce w kontaktach z bliskimi.<\/p>\n<p>Sko\u0144czy\u0142o si\u0119 tak, \u017ce by\u0142y z nami dwie z ich uczennic, moja c\u00f3rka oraz przyjaci\u00f3\u0142ka, kt\u00f3r\u0105 przyprowadzi\u0142a &#8211; ku mojemu najwi\u0119kszemu zdziwieniu, ten dzie\u0144 sta\u017cu zako\u0144czy\u0142 si\u0119 pe\u0142nym sukcesem. <\/p>\n<p>Pomimo naszego do\u015b\u0107 z\u0142o\u017conego obszaru pracy, szybko uda\u0142o nam si\u0119 znale\u017a\u0107 zadanie, w kt\u00f3rych dziewczyny mog\u0142y wykorzysta\u0107 swoj\u0105 dotychczasow\u0105 szkoln\u0105 wiedz\u0119 i w\u0142asne wst\u0119pne przemy\u015blenia na dany temat.<\/p>\n<p>\u201cWidzisz!\u201c, powiedzia\u0142a potem moja \u017cona i je\u015bli dobrze zrozumia\u0142em dziewczyny, w przysz\u0142ym roku mo\u017cemy spodziewa\u0107 si\u0119 po\u0142owy klasy &#8230;<\/p>\n","protected":false},"excerpt":{"rendered":"<p>Sta\u017c u rodzic\u00f3w? Nie wydawa\u0142o mnie si\u0119 to po\u017c\u0105dane, tak samo jak mojej najstarszej c\u00f3rce. Jednak przez pandemi\u0119 koronawirusa ona i wi\u0119kszo\u015b\u0107 jej kole\u017canek i koleg\u00f3w z klasy, mimo wielu wysi\u0142k\u00f3w nie mog\u0142y znale\u017a\u0107 pracy, bo jaka firma w tych czasach, chcia\u0142a zatrudnia\u0107 sta\u017cyst\u00f3w, cho\u0107by na jeden dzie\u0144.=, podczas gdy pracownicy musieli przesi\u0105\u015b\u0107 si\u0119 na<\/p>\n<p class=\"link-more\"><a href=\"https:\/\/www.oekermann.de\/pl\/o-nas\/praktyki\/\" class=\"envor-btn\">Weiterlesen<span class=\"screen-reader-text\"> &#8220;Praktyki&#8221;<\/span><\/a><\/p>\n","protected":false},"author":1,"featured_media":0,"parent":4230,"menu_order":0,"comment_status":"closed","ping_status":"closed","template":"","meta":{"footnotes":""},"class_list":["post-4250","page","type-page","status-publish","hentry"],"yoast_head":"<!-- This site is optimized with the Yoast SEO plugin v27.4 - https:\/\/yoast.com\/product\/yoast-seo-wordpress\/ -->\n<title>Praktyki - Pneumatische F\u00f6rdertechnik - OEKERMANN Abwassertechnik<\/title>\n<meta name=\"robots\" content=\"index, follow, max-snippet:-1, max-image-preview:large, max-video-preview:-1\" \/>\n<link rel=\"canonical\" href=\"https:\/\/www.oekermann.de\/o-nas\/praktyki\/\" \/>\n<meta property=\"og:locale\" content=\"pl_PL\" \/>\n<meta property=\"og:type\" content=\"article\" \/>\n<meta property=\"og:title\" content=\"Praktyki - Pneumatische F\u00f6rdertechnik - OEKERMANN Abwassertechnik\" \/>\n<meta property=\"og:description\" content=\"Sta\u017c u rodzic\u00f3w? Nie wydawa\u0142o mnie si\u0119 to po\u017c\u0105dane, tak samo jak mojej najstarszej c\u00f3rce. Jednak przez pandemi\u0119 koronawirusa ona i wi\u0119kszo\u015b\u0107 jej kole\u017canek i koleg\u00f3w z klasy, mimo wielu wysi\u0142k\u00f3w nie mog\u0142y znale\u017a\u0107 pracy, bo jaka firma w tych czasach, chcia\u0142a zatrudnia\u0107 sta\u017cyst\u00f3w, cho\u0107by na jeden dzie\u0144.=, podczas gdy pracownicy musieli przesi\u0105\u015b\u0107 si\u0119 naWeiterlesen &quot;Praktyki&quot;\" \/>\n<meta property=\"og:url\" content=\"https:\/\/www.oekermann.de\/o-nas\/praktyki\/\" \/>\n<meta property=\"og:site_name\" content=\"Pneumatische F\u00f6rdertechnik - OEKERMANN Abwassertechnik\" \/>\n<meta property=\"article:publisher\" content=\"https:\/\/www.facebook.com\/pages\/Oekermann-Abwassertechnik\/1007781205906685\" \/>\n<meta property=\"article:modified_time\" content=\"2023-09-21T11:53:09+00:00\" \/>\n<meta name=\"twitter:card\" content=\"summary_large_image\" \/>\n<meta name=\"twitter:site\" content=\"@Oekermann\" \/>\n<meta name=\"twitter:label1\" content=\"Szacowany czas czytania\" \/>\n\t<meta name=\"twitter:data1\" content=\"1 minuta\" \/>\n<script type=\"application\/ld+json\" class=\"yoast-schema-graph\">{\"@context\":\"https:\\\/\\\/schema.org\",\"@graph\":[{\"@type\":\"WebPage\",\"@id\":\"https:\\\/\\\/www.oekermann.de\\\/o-nas\\\/praktyki\\\/\",\"url\":\"https:\\\/\\\/www.oekermann.de\\\/o-nas\\\/praktyki\\\/\",\"name\":\"Praktyki - Pneumatische F\u00f6rdertechnik - OEKERMANN Abwassertechnik\",\"isPartOf\":{\"@id\":\"https:\\\/\\\/www.oekermann.de\\\/#website\"},\"datePublished\":\"2022-06-29T18:33:59+00:00\",\"dateModified\":\"2023-09-21T11:53:09+00:00\",\"breadcrumb\":{\"@id\":\"https:\\\/\\\/www.oekermann.de\\\/o-nas\\\/praktyki\\\/#breadcrumb\"},\"inLanguage\":\"pl-PL\",\"potentialAction\":[{\"@type\":\"ReadAction\",\"target\":[\"https:\\\/\\\/www.oekermann.de\\\/o-nas\\\/praktyki\\\/\"]}]},{\"@type\":\"BreadcrumbList\",\"@id\":\"https:\\\/\\\/www.oekermann.de\\\/o-nas\\\/praktyki\\\/#breadcrumb\",\"itemListElement\":[{\"@type\":\"ListItem\",\"position\":1,\"name\":\"Startseite\",\"item\":\"https:\\\/\\\/www.oekermann.de\\\/pl\\\/\"},{\"@type\":\"ListItem\",\"position\":2,\"name\":\"O nas\",\"item\":\"https:\\\/\\\/www.oekermann.de\\\/pl\\\/o-nas\\\/\"},{\"@type\":\"ListItem\",\"position\":3,\"name\":\"Praktyki\"}]},{\"@type\":\"WebSite\",\"@id\":\"https:\\\/\\\/www.oekermann.de\\\/#website\",\"url\":\"https:\\\/\\\/www.oekermann.de\\\/\",\"name\":\"Pneumatische F\u00f6rdertechnik - OEKERMANN Abwassertechnik\",\"description\":\"\",\"potentialAction\":[{\"@type\":\"SearchAction\",\"target\":{\"@type\":\"EntryPoint\",\"urlTemplate\":\"https:\\\/\\\/www.oekermann.de\\\/?s={search_term_string}\"},\"query-input\":{\"@type\":\"PropertyValueSpecification\",\"valueRequired\":true,\"valueName\":\"search_term_string\"}}],\"inLanguage\":\"pl-PL\"}]}<\/script>\n<!-- \/ Yoast SEO plugin. -->","yoast_head_json":{"title":"Praktyki - Pneumatische F\u00f6rdertechnik - OEKERMANN Abwassertechnik","robots":{"index":"index","follow":"follow","max-snippet":"max-snippet:-1","max-image-preview":"max-image-preview:large","max-video-preview":"max-video-preview:-1"},"canonical":"https:\/\/www.oekermann.de\/o-nas\/praktyki\/","og_locale":"pl_PL","og_type":"article","og_title":"Praktyki - Pneumatische F\u00f6rdertechnik - OEKERMANN Abwassertechnik","og_description":"Sta\u017c u rodzic\u00f3w? Nie wydawa\u0142o mnie si\u0119 to po\u017c\u0105dane, tak samo jak mojej najstarszej c\u00f3rce. Jednak przez pandemi\u0119 koronawirusa ona i wi\u0119kszo\u015b\u0107 jej kole\u017canek i koleg\u00f3w z klasy, mimo wielu wysi\u0142k\u00f3w nie mog\u0142y znale\u017a\u0107 pracy, bo jaka firma w tych czasach, chcia\u0142a zatrudnia\u0107 sta\u017cyst\u00f3w, cho\u0107by na jeden dzie\u0144.=, podczas gdy pracownicy musieli przesi\u0105\u015b\u0107 si\u0119 naWeiterlesen \"Praktyki\"","og_url":"https:\/\/www.oekermann.de\/o-nas\/praktyki\/","og_site_name":"Pneumatische F\u00f6rdertechnik - OEKERMANN Abwassertechnik","article_publisher":"https:\/\/www.facebook.com\/pages\/Oekermann-Abwassertechnik\/1007781205906685","article_modified_time":"2023-09-21T11:53:09+00:00","twitter_card":"summary_large_image","twitter_site":"@Oekermann","twitter_misc":{"Szacowany czas czytania":"1 minuta"},"schema":{"@context":"https:\/\/schema.org","@graph":[{"@type":"WebPage","@id":"https:\/\/www.oekermann.de\/o-nas\/praktyki\/","url":"https:\/\/www.oekermann.de\/o-nas\/praktyki\/","name":"Praktyki - Pneumatische F\u00f6rdertechnik - OEKERMANN Abwassertechnik","isPartOf":{"@id":"https:\/\/www.oekermann.de\/#website"},"datePublished":"2022-06-29T18:33:59+00:00","dateModified":"2023-09-21T11:53:09+00:00","breadcrumb":{"@id":"https:\/\/www.oekermann.de\/o-nas\/praktyki\/#breadcrumb"},"inLanguage":"pl-PL","potentialAction":[{"@type":"ReadAction","target":["https:\/\/www.oekermann.de\/o-nas\/praktyki\/"]}]},{"@type":"BreadcrumbList","@id":"https:\/\/www.oekermann.de\/o-nas\/praktyki\/#breadcrumb","itemListElement":[{"@type":"ListItem","position":1,"name":"Startseite","item":"https:\/\/www.oekermann.de\/pl\/"},{"@type":"ListItem","position":2,"name":"O nas","item":"https:\/\/www.oekermann.de\/pl\/o-nas\/"},{"@type":"ListItem","position":3,"name":"Praktyki"}]},{"@type":"WebSite","@id":"https:\/\/www.oekermann.de\/#website","url":"https:\/\/www.oekermann.de\/","name":"Pneumatische F\u00f6rdertechnik - OEKERMANN Abwassertechnik","description":"","potentialAction":[{"@type":"SearchAction","target":{"@type":"EntryPoint","urlTemplate":"https:\/\/www.oekermann.de\/?s={search_term_string}"},"query-input":{"@type":"PropertyValueSpecification","valueRequired":true,"valueName":"search_term_string"}}],"inLanguage":"pl-PL"}]}},"_links":{"self":[{"href":"https:\/\/www.oekermann.de\/pl\/wp-json\/wp\/v2\/pages\/4250","targetHints":{"allow":["GET"]}}],"collection":[{"href":"https:\/\/www.oekermann.de\/pl\/wp-json\/wp\/v2\/pages"}],"about":[{"href":"https:\/\/www.oekermann.de\/pl\/wp-json\/wp\/v2\/types\/page"}],"author":[{"embeddable":true,"href":"https:\/\/www.oekermann.de\/pl\/wp-json\/wp\/v2\/users\/1"}],"replies":[{"embeddable":true,"href":"https:\/\/www.oekermann.de\/pl\/wp-json\/wp\/v2\/comments?post=4250"}],"version-history":[{"count":0,"href":"https:\/\/www.oekermann.de\/pl\/wp-json\/wp\/v2\/pages\/4250\/revisions"}],"up":[{"embeddable":true,"href":"https:\/\/www.oekermann.de\/pl\/wp-json\/wp\/v2\/pages\/4230"}],"wp:attachment":[{"href":"https:\/\/www.oekermann.de\/pl\/wp-json\/wp\/v2\/media?parent=4250"}],"curies":[{"name":"wp","href":"https:\/\/api.w.org\/{rel}","templated":true}]}}