{"id":4252,"date":"2022-06-24T01:02:49","date_gmt":"2022-06-23T23:02:49","guid":{"rendered":"https:\/\/www.oekermann.de\/konserwacja-2\/technologia-oczyszczania-sciekow-oekermann-w-bawarii\/"},"modified":"2023-09-21T14:39:25","modified_gmt":"2023-09-21T12:39:25","slug":"technologia-oczyszczania-sciekow-oekermann-w-bawarii","status":"publish","type":"page","link":"https:\/\/www.oekermann.de\/pl\/konserwacja\/technologia-oczyszczania-sciekow-oekermann-w-bawarii\/","title":{"rendered":"Technologia oczyszczania \u015bciek\u00f3w OEKERMANN w Bawarii"},"content":{"rendered":"<p>W Bawarii istnieje szczeg\u00f3lnie du\u017ca liczba pneumatycznych system\u00f3w transportu \u015bciek\u00f3w OEKERMANN. Prawie, co tydzie\u0144 firma OEKERMANN jest w drodze do Bawarii ze swoimi pojazdami s<a href=\"https:\/\/www.oekermann.de\/wartung\/service-bei-der-pneumatischen-abwasser-foerderung\/\">erwisowymi i monta\u017cowymi<\/a>w celu skonfigurowania nowych system\u00f3w lub <a href=\"https:\/\/www.oekermann.de\/wartung\/\">konserwowania<\/a> istniej\u0105cych.<\/p>\n<p>Istnieje kilka przyczyn du\u017cej liczby uk\u0142ad\u00f3w pneumatycznych w tym stanie. Z jednej strony pewn\u0105 rol\u0119 odgrywa spora ilo\u015b\u0107 obszar\u00f3w wiejskich, z drugiej strony istnieje te\u017c du\u017ca \u015bwiadomo\u015b\u0107 w zakresie system\u00f3w odprowadzania \u015bciek\u00f3w przyjaznych dla \u015brodowiska i obywateli. Najwa\u017cniejsz\u0105 rzecz\u0105 jest tutaj unikanie <a href=\"https:\/\/www.oekermann.de\/vorteile\/foerderung-geringer-wassermengen\/\">nieprzyjemnych zapach\u00f3w<\/a> i wysoka trwa\u0142o\u015b\u0107 naszych system\u00f3w. Bawaria jest r\u00f3wnie\u017c znana jako pionierka sprytnego \u0142\u0105czenia tradycji i post\u0119pu technicznego. Niekt\u00f3re z najstarszych przepompowni pneumatycznych znajduj\u0119 si\u0119 w\u0142a\u015bnie w Bawarii.<\/p>\n<p>Dzi\u0119ki temu mo\u017cesz skorzysta\u0107 z tej specjalnej technologii tak\u017ce w Bawarii, pomimo odleg\u0142o\u015bci od Bielefeld. Polecamy si\u0119, je\u015bli chcia\u0142by\u015b zawrze\u0107 umow\u0119 serwisow\u0105 lub dokona\u0107 nieplanowanego przegl\u0105du swojego systemu.<\/p>\n<p><img decoding=\"async\" class=\"img-1\" src=\"\/wp-content\/uploads\/2017\/04\/Bayern_Oekermann_2-1-300x225.jpg\" alt=\"\" \/><img decoding=\"async\" class=\"img-1\" src=\"\/wp-content\/uploads\/2017\/04\/Bayern_Oekermann_1-300x225.jpg\" alt=\"\" \/><\/p>\n","protected":false},"excerpt":{"rendered":"<p>W Bawarii istnieje szczeg\u00f3lnie du\u017ca liczba pneumatycznych system\u00f3w transportu \u015bciek\u00f3w OEKERMANN. Prawie, co tydzie\u0144 firma OEKERMANN jest w drodze do Bawarii ze swoimi pojazdami serwisowymi i monta\u017cowymiw celu skonfigurowania nowych system\u00f3w lub konserwowania istniej\u0105cych. Istnieje kilka przyczyn du\u017cej liczby uk\u0142ad\u00f3w pneumatycznych w tym stanie. Z jednej strony pewn\u0105 rol\u0119 odgrywa spora ilo\u015b\u0107 obszar\u00f3w wiejskich, z<\/p>\n<p class=\"link-more\"><a href=\"https:\/\/www.oekermann.de\/pl\/konserwacja\/technologia-oczyszczania-sciekow-oekermann-w-bawarii\/\" class=\"envor-btn\">Weiterlesen<span class=\"screen-reader-text\"> &#8220;Technologia oczyszczania \u015bciek\u00f3w OEKERMANN w Bawarii&#8221;<\/span><\/a><\/p>\n","protected":false},"author":1,"featured_media":0,"parent":4218,"menu_order":0,"comment_status":"closed","ping_status":"closed","template":"","meta":{"footnotes":""},"class_list":["post-4252","page","type-page","status-publish","hentry"],"yoast_head":"<!-- This site is optimized with the Yoast SEO plugin v27.3 - https:\/\/yoast.com\/product\/yoast-seo-wordpress\/ -->\n<title>Technologia oczyszczania \u015bciek\u00f3w OEKERMANN w Bawarii - Pneumatische F\u00f6rdertechnik - OEKERMANN Abwassertechnik<\/title>\n<meta name=\"robots\" content=\"index, follow, max-snippet:-1, max-image-preview:large, max-video-preview:-1\" \/>\n<link rel=\"canonical\" href=\"https:\/\/www.oekermann.de\/pl\/konserwacja\/technologia-oczyszczania-sciekow-oekermann-w-bawarii\/\" \/>\n<meta property=\"og:locale\" content=\"pl_PL\" \/>\n<meta property=\"og:type\" content=\"article\" \/>\n<meta property=\"og:title\" content=\"Technologia oczyszczania \u015bciek\u00f3w OEKERMANN w Bawarii - Pneumatische F\u00f6rdertechnik - OEKERMANN Abwassertechnik\" \/>\n<meta property=\"og:description\" content=\"W Bawarii istnieje szczeg\u00f3lnie du\u017ca liczba pneumatycznych system\u00f3w transportu \u015bciek\u00f3w OEKERMANN. Prawie, co tydzie\u0144 firma OEKERMANN jest w drodze do Bawarii ze swoimi pojazdami serwisowymi i monta\u017cowymiw celu skonfigurowania nowych system\u00f3w lub konserwowania istniej\u0105cych. Istnieje kilka przyczyn du\u017cej liczby uk\u0142ad\u00f3w pneumatycznych w tym stanie. Z jednej strony pewn\u0105 rol\u0119 odgrywa spora ilo\u015b\u0107 obszar\u00f3w wiejskich, zWeiterlesen &quot;Technologia oczyszczania \u015bciek\u00f3w OEKERMANN w Bawarii&quot;\" \/>\n<meta property=\"og:url\" content=\"https:\/\/www.oekermann.de\/pl\/konserwacja\/technologia-oczyszczania-sciekow-oekermann-w-bawarii\/\" \/>\n<meta property=\"og:site_name\" content=\"Pneumatische F\u00f6rdertechnik - OEKERMANN Abwassertechnik\" \/>\n<meta property=\"article:publisher\" content=\"https:\/\/www.facebook.com\/pages\/Oekermann-Abwassertechnik\/1007781205906685\" \/>\n<meta property=\"article:modified_time\" content=\"2023-09-21T12:39:25+00:00\" \/>\n<meta name=\"twitter:card\" content=\"summary_large_image\" \/>\n<meta name=\"twitter:site\" content=\"@Oekermann\" \/>\n<meta name=\"twitter:label1\" content=\"Szacowany czas czytania\" \/>\n\t<meta name=\"twitter:data1\" content=\"1 minuta\" \/>\n<script type=\"application\/ld+json\" class=\"yoast-schema-graph\">{\"@context\":\"https:\\\/\\\/schema.org\",\"@graph\":[{\"@type\":\"WebPage\",\"@id\":\"https:\\\/\\\/www.oekermann.de\\\/pl\\\/konserwacja\\\/technologia-oczyszczania-sciekow-oekermann-w-bawarii\\\/\",\"url\":\"https:\\\/\\\/www.oekermann.de\\\/pl\\\/konserwacja\\\/technologia-oczyszczania-sciekow-oekermann-w-bawarii\\\/\",\"name\":\"Technologia oczyszczania \u015bciek\u00f3w OEKERMANN w Bawarii - Pneumatische F\u00f6rdertechnik - OEKERMANN Abwassertechnik\",\"isPartOf\":{\"@id\":\"https:\\\/\\\/www.oekermann.de\\\/#website\"},\"datePublished\":\"2022-06-23T23:02:49+00:00\",\"dateModified\":\"2023-09-21T12:39:25+00:00\",\"breadcrumb\":{\"@id\":\"https:\\\/\\\/www.oekermann.de\\\/pl\\\/konserwacja\\\/technologia-oczyszczania-sciekow-oekermann-w-bawarii\\\/#breadcrumb\"},\"inLanguage\":\"pl-PL\",\"potentialAction\":[{\"@type\":\"ReadAction\",\"target\":[\"https:\\\/\\\/www.oekermann.de\\\/pl\\\/konserwacja\\\/technologia-oczyszczania-sciekow-oekermann-w-bawarii\\\/\"]}]},{\"@type\":\"BreadcrumbList\",\"@id\":\"https:\\\/\\\/www.oekermann.de\\\/pl\\\/konserwacja\\\/technologia-oczyszczania-sciekow-oekermann-w-bawarii\\\/#breadcrumb\",\"itemListElement\":[{\"@type\":\"ListItem\",\"position\":1,\"name\":\"Startseite\",\"item\":\"https:\\\/\\\/www.oekermann.de\\\/pl\\\/\"},{\"@type\":\"ListItem\",\"position\":2,\"name\":\"Konserwacja\",\"item\":\"https:\\\/\\\/www.oekermann.de\\\/pl\\\/konserwacja\\\/\"},{\"@type\":\"ListItem\",\"position\":3,\"name\":\"Technologia oczyszczania \u015bciek\u00f3w OEKERMANN w Bawarii\"}]},{\"@type\":\"WebSite\",\"@id\":\"https:\\\/\\\/www.oekermann.de\\\/#website\",\"url\":\"https:\\\/\\\/www.oekermann.de\\\/\",\"name\":\"Pneumatische F\u00f6rdertechnik - OEKERMANN Abwassertechnik\",\"description\":\"\",\"potentialAction\":[{\"@type\":\"SearchAction\",\"target\":{\"@type\":\"EntryPoint\",\"urlTemplate\":\"https:\\\/\\\/www.oekermann.de\\\/?s={search_term_string}\"},\"query-input\":{\"@type\":\"PropertyValueSpecification\",\"valueRequired\":true,\"valueName\":\"search_term_string\"}}],\"inLanguage\":\"pl-PL\"}]}<\/script>\n<!-- \/ Yoast SEO plugin. -->","yoast_head_json":{"title":"Technologia oczyszczania \u015bciek\u00f3w OEKERMANN w Bawarii - Pneumatische F\u00f6rdertechnik - OEKERMANN Abwassertechnik","robots":{"index":"index","follow":"follow","max-snippet":"max-snippet:-1","max-image-preview":"max-image-preview:large","max-video-preview":"max-video-preview:-1"},"canonical":"https:\/\/www.oekermann.de\/pl\/konserwacja\/technologia-oczyszczania-sciekow-oekermann-w-bawarii\/","og_locale":"pl_PL","og_type":"article","og_title":"Technologia oczyszczania \u015bciek\u00f3w OEKERMANN w Bawarii - Pneumatische F\u00f6rdertechnik - OEKERMANN Abwassertechnik","og_description":"W Bawarii istnieje szczeg\u00f3lnie du\u017ca liczba pneumatycznych system\u00f3w transportu \u015bciek\u00f3w OEKERMANN. Prawie, co tydzie\u0144 firma OEKERMANN jest w drodze do Bawarii ze swoimi pojazdami serwisowymi i monta\u017cowymiw celu skonfigurowania nowych system\u00f3w lub konserwowania istniej\u0105cych. Istnieje kilka przyczyn du\u017cej liczby uk\u0142ad\u00f3w pneumatycznych w tym stanie. Z jednej strony pewn\u0105 rol\u0119 odgrywa spora ilo\u015b\u0107 obszar\u00f3w wiejskich, zWeiterlesen \"Technologia oczyszczania \u015bciek\u00f3w OEKERMANN w Bawarii\"","og_url":"https:\/\/www.oekermann.de\/pl\/konserwacja\/technologia-oczyszczania-sciekow-oekermann-w-bawarii\/","og_site_name":"Pneumatische F\u00f6rdertechnik - OEKERMANN Abwassertechnik","article_publisher":"https:\/\/www.facebook.com\/pages\/Oekermann-Abwassertechnik\/1007781205906685","article_modified_time":"2023-09-21T12:39:25+00:00","twitter_card":"summary_large_image","twitter_site":"@Oekermann","twitter_misc":{"Szacowany czas czytania":"1 minuta"},"schema":{"@context":"https:\/\/schema.org","@graph":[{"@type":"WebPage","@id":"https:\/\/www.oekermann.de\/pl\/konserwacja\/technologia-oczyszczania-sciekow-oekermann-w-bawarii\/","url":"https:\/\/www.oekermann.de\/pl\/konserwacja\/technologia-oczyszczania-sciekow-oekermann-w-bawarii\/","name":"Technologia oczyszczania \u015bciek\u00f3w OEKERMANN w Bawarii - Pneumatische F\u00f6rdertechnik - OEKERMANN Abwassertechnik","isPartOf":{"@id":"https:\/\/www.oekermann.de\/#website"},"datePublished":"2022-06-23T23:02:49+00:00","dateModified":"2023-09-21T12:39:25+00:00","breadcrumb":{"@id":"https:\/\/www.oekermann.de\/pl\/konserwacja\/technologia-oczyszczania-sciekow-oekermann-w-bawarii\/#breadcrumb"},"inLanguage":"pl-PL","potentialAction":[{"@type":"ReadAction","target":["https:\/\/www.oekermann.de\/pl\/konserwacja\/technologia-oczyszczania-sciekow-oekermann-w-bawarii\/"]}]},{"@type":"BreadcrumbList","@id":"https:\/\/www.oekermann.de\/pl\/konserwacja\/technologia-oczyszczania-sciekow-oekermann-w-bawarii\/#breadcrumb","itemListElement":[{"@type":"ListItem","position":1,"name":"Startseite","item":"https:\/\/www.oekermann.de\/pl\/"},{"@type":"ListItem","position":2,"name":"Konserwacja","item":"https:\/\/www.oekermann.de\/pl\/konserwacja\/"},{"@type":"ListItem","position":3,"name":"Technologia oczyszczania \u015bciek\u00f3w OEKERMANN w Bawarii"}]},{"@type":"WebSite","@id":"https:\/\/www.oekermann.de\/#website","url":"https:\/\/www.oekermann.de\/","name":"Pneumatische F\u00f6rdertechnik - OEKERMANN Abwassertechnik","description":"","potentialAction":[{"@type":"SearchAction","target":{"@type":"EntryPoint","urlTemplate":"https:\/\/www.oekermann.de\/?s={search_term_string}"},"query-input":{"@type":"PropertyValueSpecification","valueRequired":true,"valueName":"search_term_string"}}],"inLanguage":"pl-PL"}]}},"_links":{"self":[{"href":"https:\/\/www.oekermann.de\/pl\/wp-json\/wp\/v2\/pages\/4252","targetHints":{"allow":["GET"]}}],"collection":[{"href":"https:\/\/www.oekermann.de\/pl\/wp-json\/wp\/v2\/pages"}],"about":[{"href":"https:\/\/www.oekermann.de\/pl\/wp-json\/wp\/v2\/types\/page"}],"author":[{"embeddable":true,"href":"https:\/\/www.oekermann.de\/pl\/wp-json\/wp\/v2\/users\/1"}],"replies":[{"embeddable":true,"href":"https:\/\/www.oekermann.de\/pl\/wp-json\/wp\/v2\/comments?post=4252"}],"version-history":[{"count":0,"href":"https:\/\/www.oekermann.de\/pl\/wp-json\/wp\/v2\/pages\/4252\/revisions"}],"up":[{"embeddable":true,"href":"https:\/\/www.oekermann.de\/pl\/wp-json\/wp\/v2\/pages\/4218"}],"wp:attachment":[{"href":"https:\/\/www.oekermann.de\/pl\/wp-json\/wp\/v2\/media?parent=4252"}],"curies":[{"name":"wp","href":"https:\/\/api.w.org\/{rel}","templated":true}]}}