{"id":4267,"date":"2022-06-17T09:02:46","date_gmt":"2022-06-17T07:02:46","guid":{"rendered":"https:\/\/www.oekermann.de\/zastosowania\/kempingi\/"},"modified":"2023-09-22T12:22:57","modified_gmt":"2023-09-22T10:22:57","slug":"kempingi","status":"publish","type":"page","link":"https:\/\/www.oekermann.de\/pl\/zastosowania\/kempingi\/","title":{"rendered":"Kempingi"},"content":{"rendered":"<p>Usuwanie \u015bciek\u00f3w z kemping\u00f3w jest jednym z powszechnych zastosowaniem pneumatycznych system\u00f3w odprowadzania \u015bciek\u00f3w.<\/p>\n<p>Ze wzgl\u0119du na zlokalizowanie kemping\u00f3w z dala od budynk\u00f3w u\u017cyteczno\u015bci publicznej, rury ci\u015bnieniowe s\u0105 zwykle d\u0142ugie. Ilo\u015b\u0107 wytwarzanych \u015bciek\u00f3w podlega znacznym wahaniom sezonowym, a w przypadku konwencjonalnej technologii pomp w wielu przypadkach mo\u017cna spodziewa\u0107 si\u0119 proces\u00f3w osadzania, a co za tym idzie problem\u00f3w z korozj\u0105 i nieprzyjemnym zapachem.<\/p>\n<p>Jeden z naszych pierwszych system\u00f3w (zbudowany w 1982 r.) na kempingu Vlotho nad Wezer\u0105 zosta\u0142 zmodernizowany na pocz\u0105tku 2016 r. Odnowiono <a href=\"https:\/\/www.oekermann.de\/vorteile\/elektronische-steuerung\/\">sterowanie elektroniczne<\/a> i inne elementy elektryczne.<\/p>\n<p>Stary system sterowania dzia\u0142a\u0142 z powodzeniem przez ponad 34 lata, ale teraz w\u0142a\u015bciciel po raz kolejny zyska\u0142 niezawodno\u015b\u0107 dzia\u0142ania na lata oraz bardziej optymalne sterowanie (lepsze pod wzgl\u0119dem ekonomicznym), dzi\u0119ki nowym funkcj\u0105 oprogramowania.<\/p>\n<p><img decoding=\"async\" class=\"img-1\" src=\"\/wp-content\/uploads\/2017\/05\/Campingplatz-Sonnenwiese-2-300x169.jpg\" alt=\"\" \/><br \/>\nSzafka sterownicza na kempingu w Vlotho<\/p>\n","protected":false},"excerpt":{"rendered":"<p>Usuwanie \u015bciek\u00f3w z kemping\u00f3w jest jednym z powszechnych zastosowaniem pneumatycznych system\u00f3w odprowadzania \u015bciek\u00f3w. Ze wzgl\u0119du na zlokalizowanie kemping\u00f3w z dala od budynk\u00f3w u\u017cyteczno\u015bci publicznej, rury ci\u015bnieniowe s\u0105 zwykle d\u0142ugie. Ilo\u015b\u0107 wytwarzanych \u015bciek\u00f3w podlega znacznym wahaniom sezonowym, a w przypadku konwencjonalnej technologii pomp w wielu przypadkach mo\u017cna spodziewa\u0107 si\u0119 proces\u00f3w osadzania, a co za tym idzie<\/p>\n<p class=\"link-more\"><a href=\"https:\/\/www.oekermann.de\/pl\/zastosowania\/kempingi\/\" class=\"envor-btn\">Weiterlesen<span class=\"screen-reader-text\"> &#8220;Kempingi&#8221;<\/span><\/a><\/p>\n","protected":false},"author":1,"featured_media":0,"parent":4263,"menu_order":0,"comment_status":"closed","ping_status":"closed","template":"","meta":{"footnotes":""},"class_list":["post-4267","page","type-page","status-publish","hentry"],"yoast_head":"<!-- This site is optimized with the Yoast SEO plugin v27.3 - https:\/\/yoast.com\/product\/yoast-seo-wordpress\/ -->\n<title>Kempingi - Pneumatische F\u00f6rdertechnik - OEKERMANN Abwassertechnik<\/title>\n<meta name=\"robots\" content=\"index, follow, max-snippet:-1, max-image-preview:large, max-video-preview:-1\" \/>\n<link rel=\"canonical\" href=\"https:\/\/www.oekermann.de\/pl\/zastosowania\/kempingi\/\" \/>\n<meta property=\"og:locale\" content=\"pl_PL\" \/>\n<meta property=\"og:type\" content=\"article\" \/>\n<meta property=\"og:title\" content=\"Kempingi - Pneumatische F\u00f6rdertechnik - OEKERMANN Abwassertechnik\" \/>\n<meta property=\"og:description\" content=\"Usuwanie \u015bciek\u00f3w z kemping\u00f3w jest jednym z powszechnych zastosowaniem pneumatycznych system\u00f3w odprowadzania \u015bciek\u00f3w. Ze wzgl\u0119du na zlokalizowanie kemping\u00f3w z dala od budynk\u00f3w u\u017cyteczno\u015bci publicznej, rury ci\u015bnieniowe s\u0105 zwykle d\u0142ugie. Ilo\u015b\u0107 wytwarzanych \u015bciek\u00f3w podlega znacznym wahaniom sezonowym, a w przypadku konwencjonalnej technologii pomp w wielu przypadkach mo\u017cna spodziewa\u0107 si\u0119 proces\u00f3w osadzania, a co za tym idzieWeiterlesen &quot;Kempingi&quot;\" \/>\n<meta property=\"og:url\" content=\"https:\/\/www.oekermann.de\/pl\/zastosowania\/kempingi\/\" \/>\n<meta property=\"og:site_name\" content=\"Pneumatische F\u00f6rdertechnik - OEKERMANN Abwassertechnik\" \/>\n<meta property=\"article:publisher\" content=\"https:\/\/www.facebook.com\/pages\/Oekermann-Abwassertechnik\/1007781205906685\" \/>\n<meta property=\"article:modified_time\" content=\"2023-09-22T10:22:57+00:00\" \/>\n<meta name=\"twitter:card\" content=\"summary_large_image\" \/>\n<meta name=\"twitter:site\" content=\"@Oekermann\" \/>\n<meta name=\"twitter:label1\" content=\"Szacowany czas czytania\" \/>\n\t<meta name=\"twitter:data1\" content=\"1 minuta\" \/>\n<script type=\"application\/ld+json\" class=\"yoast-schema-graph\">{\"@context\":\"https:\\\/\\\/schema.org\",\"@graph\":[{\"@type\":\"WebPage\",\"@id\":\"https:\\\/\\\/www.oekermann.de\\\/pl\\\/zastosowania\\\/kempingi\\\/\",\"url\":\"https:\\\/\\\/www.oekermann.de\\\/pl\\\/zastosowania\\\/kempingi\\\/\",\"name\":\"Kempingi - Pneumatische F\u00f6rdertechnik - OEKERMANN Abwassertechnik\",\"isPartOf\":{\"@id\":\"https:\\\/\\\/www.oekermann.de\\\/#website\"},\"datePublished\":\"2022-06-17T07:02:46+00:00\",\"dateModified\":\"2023-09-22T10:22:57+00:00\",\"breadcrumb\":{\"@id\":\"https:\\\/\\\/www.oekermann.de\\\/pl\\\/zastosowania\\\/kempingi\\\/#breadcrumb\"},\"inLanguage\":\"pl-PL\",\"potentialAction\":[{\"@type\":\"ReadAction\",\"target\":[\"https:\\\/\\\/www.oekermann.de\\\/pl\\\/zastosowania\\\/kempingi\\\/\"]}]},{\"@type\":\"BreadcrumbList\",\"@id\":\"https:\\\/\\\/www.oekermann.de\\\/pl\\\/zastosowania\\\/kempingi\\\/#breadcrumb\",\"itemListElement\":[{\"@type\":\"ListItem\",\"position\":1,\"name\":\"Startseite\",\"item\":\"https:\\\/\\\/www.oekermann.de\\\/pl\\\/\"},{\"@type\":\"ListItem\",\"position\":2,\"name\":\"Zastosowania\",\"item\":\"https:\\\/\\\/www.oekermann.de\\\/pl\\\/zastosowania\\\/\"},{\"@type\":\"ListItem\",\"position\":3,\"name\":\"Kempingi\"}]},{\"@type\":\"WebSite\",\"@id\":\"https:\\\/\\\/www.oekermann.de\\\/#website\",\"url\":\"https:\\\/\\\/www.oekermann.de\\\/\",\"name\":\"Pneumatische F\u00f6rdertechnik - OEKERMANN Abwassertechnik\",\"description\":\"\",\"potentialAction\":[{\"@type\":\"SearchAction\",\"target\":{\"@type\":\"EntryPoint\",\"urlTemplate\":\"https:\\\/\\\/www.oekermann.de\\\/?s={search_term_string}\"},\"query-input\":{\"@type\":\"PropertyValueSpecification\",\"valueRequired\":true,\"valueName\":\"search_term_string\"}}],\"inLanguage\":\"pl-PL\"}]}<\/script>\n<!-- \/ Yoast SEO plugin. -->","yoast_head_json":{"title":"Kempingi - Pneumatische F\u00f6rdertechnik - OEKERMANN Abwassertechnik","robots":{"index":"index","follow":"follow","max-snippet":"max-snippet:-1","max-image-preview":"max-image-preview:large","max-video-preview":"max-video-preview:-1"},"canonical":"https:\/\/www.oekermann.de\/pl\/zastosowania\/kempingi\/","og_locale":"pl_PL","og_type":"article","og_title":"Kempingi - Pneumatische F\u00f6rdertechnik - OEKERMANN Abwassertechnik","og_description":"Usuwanie \u015bciek\u00f3w z kemping\u00f3w jest jednym z powszechnych zastosowaniem pneumatycznych system\u00f3w odprowadzania \u015bciek\u00f3w. Ze wzgl\u0119du na zlokalizowanie kemping\u00f3w z dala od budynk\u00f3w u\u017cyteczno\u015bci publicznej, rury ci\u015bnieniowe s\u0105 zwykle d\u0142ugie. Ilo\u015b\u0107 wytwarzanych \u015bciek\u00f3w podlega znacznym wahaniom sezonowym, a w przypadku konwencjonalnej technologii pomp w wielu przypadkach mo\u017cna spodziewa\u0107 si\u0119 proces\u00f3w osadzania, a co za tym idzieWeiterlesen \"Kempingi\"","og_url":"https:\/\/www.oekermann.de\/pl\/zastosowania\/kempingi\/","og_site_name":"Pneumatische F\u00f6rdertechnik - OEKERMANN Abwassertechnik","article_publisher":"https:\/\/www.facebook.com\/pages\/Oekermann-Abwassertechnik\/1007781205906685","article_modified_time":"2023-09-22T10:22:57+00:00","twitter_card":"summary_large_image","twitter_site":"@Oekermann","twitter_misc":{"Szacowany czas czytania":"1 minuta"},"schema":{"@context":"https:\/\/schema.org","@graph":[{"@type":"WebPage","@id":"https:\/\/www.oekermann.de\/pl\/zastosowania\/kempingi\/","url":"https:\/\/www.oekermann.de\/pl\/zastosowania\/kempingi\/","name":"Kempingi - Pneumatische F\u00f6rdertechnik - OEKERMANN Abwassertechnik","isPartOf":{"@id":"https:\/\/www.oekermann.de\/#website"},"datePublished":"2022-06-17T07:02:46+00:00","dateModified":"2023-09-22T10:22:57+00:00","breadcrumb":{"@id":"https:\/\/www.oekermann.de\/pl\/zastosowania\/kempingi\/#breadcrumb"},"inLanguage":"pl-PL","potentialAction":[{"@type":"ReadAction","target":["https:\/\/www.oekermann.de\/pl\/zastosowania\/kempingi\/"]}]},{"@type":"BreadcrumbList","@id":"https:\/\/www.oekermann.de\/pl\/zastosowania\/kempingi\/#breadcrumb","itemListElement":[{"@type":"ListItem","position":1,"name":"Startseite","item":"https:\/\/www.oekermann.de\/pl\/"},{"@type":"ListItem","position":2,"name":"Zastosowania","item":"https:\/\/www.oekermann.de\/pl\/zastosowania\/"},{"@type":"ListItem","position":3,"name":"Kempingi"}]},{"@type":"WebSite","@id":"https:\/\/www.oekermann.de\/#website","url":"https:\/\/www.oekermann.de\/","name":"Pneumatische F\u00f6rdertechnik - OEKERMANN Abwassertechnik","description":"","potentialAction":[{"@type":"SearchAction","target":{"@type":"EntryPoint","urlTemplate":"https:\/\/www.oekermann.de\/?s={search_term_string}"},"query-input":{"@type":"PropertyValueSpecification","valueRequired":true,"valueName":"search_term_string"}}],"inLanguage":"pl-PL"}]}},"_links":{"self":[{"href":"https:\/\/www.oekermann.de\/pl\/wp-json\/wp\/v2\/pages\/4267","targetHints":{"allow":["GET"]}}],"collection":[{"href":"https:\/\/www.oekermann.de\/pl\/wp-json\/wp\/v2\/pages"}],"about":[{"href":"https:\/\/www.oekermann.de\/pl\/wp-json\/wp\/v2\/types\/page"}],"author":[{"embeddable":true,"href":"https:\/\/www.oekermann.de\/pl\/wp-json\/wp\/v2\/users\/1"}],"replies":[{"embeddable":true,"href":"https:\/\/www.oekermann.de\/pl\/wp-json\/wp\/v2\/comments?post=4267"}],"version-history":[{"count":1,"href":"https:\/\/www.oekermann.de\/pl\/wp-json\/wp\/v2\/pages\/4267\/revisions"}],"predecessor-version":[{"id":4268,"href":"https:\/\/www.oekermann.de\/pl\/wp-json\/wp\/v2\/pages\/4267\/revisions\/4268"}],"up":[{"embeddable":true,"href":"https:\/\/www.oekermann.de\/pl\/wp-json\/wp\/v2\/pages\/4263"}],"wp:attachment":[{"href":"https:\/\/www.oekermann.de\/pl\/wp-json\/wp\/v2\/media?parent=4267"}],"curies":[{"name":"wp","href":"https:\/\/api.w.org\/{rel}","templated":true}]}}