{"id":4314,"date":"2022-06-30T09:08:12","date_gmt":"2022-06-30T07:08:12","guid":{"rendered":"https:\/\/www.oekermann.de\/tematy\/woda-i-scieki\/"},"modified":"2025-02-11T14:20:11","modified_gmt":"2025-02-11T13:20:11","slug":"woda-i-scieki","status":"publish","type":"page","link":"https:\/\/www.oekermann.de\/pl\/tematy\/woda-i-scieki\/","title":{"rendered":"Woda i scieki"},"content":{"rendered":"<section>\n<p>Cz\u0105steczka wody to nie byle jaka substancja ale g\u0142\u00f3wny sk\u0142adnik (stanowi\u0105ca ponad 70%) naszego organizmu <\/p>\n<p>R\u00f3\u017cnorodne  i wyrafinowane procesy chemiczne i techniczne, kt\u00f3re opracowali\u015bmy jako ludzie, w celu produkcji wody i pitnej i przemys\u0142owej ze \u015bciek\u00f3w, maj\u0105 ogromne znaczenie dla naszego zdrowia, jako\u015bci \u017cycia i podstawowych zasob\u00f3w.<\/p>\n<p><\/p>\n<p>W sektorze \u015bciek\u00f3w pracuje niezliczona ilo\u015b\u0107 os\u00f3b i firm. Jednak wielu z nas . obywateli tego kraju, kt\u00f3rzy maj\u0105 niewielki lub \u017caden kontakt z bran\u017c\u0105 \u015bciekow\u0105, nie zdaje sobie sprawy z wielu codziennych proces\u00f3w zachodz\u0105cych w oczyszczalniach \u015bciek\u00f3w, kana\u0142ach \u015bciekowych i rurach ci\u015bnienowych, jak dowiedzieli\u015bmy si\u0119 z wielu rozm\u00f3w.<\/p>\n<p>By\u0107 mo\u017ce nawet bardziej ni\u017c w przypadku znanego powiedzenia, \u017ce &#8220;pr\u0105d pochodzi z gniazdka&#8221;, cz\u0119sto przyjmujemy za oczywisto\u015b\u0107, \u017ce z wodoci\u0105g\u00f3w p\u0142ynie czysta woda. Osobi\u015bcie zauwa\u017cy\u0142em. Osobi\u015bcie zauwa\u017cam wysoki poziom oczyszczania i recyklingu \u015bciek\u00f3w w Niemczech, zw\u0142aszcza gdy przebywam na wakacjach w krajach, w kt\u00f3rych zaleca si\u0119 przegotowanie wody nawet do mycia z\u0119b\u00f3w. Albo, gdy w niekt\u00f3rych krajach \u015bcieki s\u0105 po prostu odprowadzane do morza i rzek, co cz\u0119\u015bciowo by\u0142o codzienn\u0105 praktyk\u0105 jeszcze nie tak dawno temu. \u0179le jest, gdy ludzie musz\u0105 codziennie zbiera\u0107 wod\u0119 w kanistrach z punktu zbi\u00f3rki, to wszystko jest jednak niczym, w miejscach gdzie nawet takie rozwi\u0105zanie jest niedost\u0119pne.<\/p>\n<p>Dzi\u0119ki naszym pneumatycznym systemom transportu \u015bciek\u00f3w, kt\u00f3rych zastosowanie ma sens w okre\u015blonych zastosowaniach, staramy si\u0119 w skromny spos\u00f3b, przyczyni\u0107 do rozwi\u0105zania problem\u00f3w zwi\u0105zanych z odprowadzaniem \u015bciek\u00f3w. W przypadku transportu \u015bciek\u00f3w przy pomocy spr\u0119\u017conego powietrza, \u015bcieki s\u0105 wst\u0119pnie klarowane i zapobiega si\u0119 pogorszeniu ich jako\u015bci, o ile nie znajduj\u0105 si\u0119 one jeszcze w oczyszczalni \u015bciek\u00f3w.<\/p>\n<p>W po\u0142udniowych krajach zwi\u0105zkowych cz\u0119sto zwraca si\u0119 szczeg\u00f3ln\u0105 uwag\u0119 na znaczenie oczyszczania \u015bciek\u00f3w, na przyk\u0142ad podczas uruchomiania nowej oczyszczalni \u015bciek\u00f3w. Nierzadko ma to miejsce w formie uroczystego aktu, ze strony w\u0142adz, czasem tak\u017ce ko\u015bcio\u0142a, podczas kt\u00f3rego temat jest kompleksowo omawiany w ciekawych przem\u00f3wieniach, po\u0142\u0105czonych z t\u0142em religijnym i historycznym.<\/p>\n<ul id=\"ifat-gal-1\" class=\"list-3\">\n<li><img decoding=\"async\" class=\"img-1\" alt=\"Wasser und Abwasser - Einweihung\" src=\"\/wp-content\/uploads\/2016\/03\/Wasser-und-Abwasser-Einweihung.jpg\" width=\"440\"><\/li>\n<li><img decoding=\"async\" class=\"img-1\" alt=\"Wasser und Abwasser - Einweihung\" src=\"\/wp-content\/uploads\/2016\/03\/Wasser-und-Abwasser-Einweihung-2.jpg\" width=\"440\"><\/li>\n<\/ul>\n<ul class=\"dl-files\">\n<li class=\"pdf-file-1\"><a href=\"\/res\/pdf\/sonderdruckschriften\/OEKERMANN-Info-09-Verhinderung-von-Ablagerungs-und-Sulfidproblemen-durch-pneumatische-Abwasserfoerderung.pdf\" target=\"_blank\" onclick=\"_gaq.push(['_trackPageview', '\/res\/pdf\/sonderdruckschriften\/OEKERMANN-Info-09-Verhinderung-von-Ablagerungs-und-Sulfidproblemen-durch-pneumatische-Abwasserfoerderung.pdf']);\" rel=\"noopener\"> <span>zapobieganie problemom z kamieniem i siarczkami poprzez pneumatycznego pompowania \u015bciek\u00f3w<\/span> <\/a><\/li>\n<\/ul>\n<p class=\"clearer\">&nbsp;<\/p>\n<p>Pe\u0142ny przegl\u0105d wszystkich naszych bezp\u0142atnych materia\u0142\u00f3w informacyjnych znajdziesz na naszej  <a title=\"Alle kostenlosen Informationen zum Thema Abwassertechnik als Downloads\" href=\"https:\/\/www.oekermann.de\/downloads\/\">stronie internetowej<\/a>.<\/p>\n","protected":false},"excerpt":{"rendered":"<p>Cz\u0105steczka wody to nie byle jaka substancja ale g\u0142\u00f3wny sk\u0142adnik (stanowi\u0105ca ponad 70%) naszego organizmu R\u00f3\u017cnorodne i wyrafinowane procesy chemiczne i techniczne, kt\u00f3re opracowali\u015bmy jako ludzie, w celu produkcji wody i pitnej i przemys\u0142owej ze \u015bciek\u00f3w, maj\u0105 ogromne znaczenie dla naszego zdrowia, jako\u015bci \u017cycia i podstawowych zasob\u00f3w. W sektorze \u015bciek\u00f3w pracuje niezliczona ilo\u015b\u0107 os\u00f3b i<\/p>\n<p class=\"link-more\"><a href=\"https:\/\/www.oekermann.de\/pl\/tematy\/woda-i-scieki\/\" class=\"envor-btn\">Weiterlesen<span class=\"screen-reader-text\"> &#8220;Woda i scieki&#8221;<\/span><\/a><\/p>\n","protected":false},"author":1,"featured_media":0,"parent":4310,"menu_order":0,"comment_status":"closed","ping_status":"closed","template":"","meta":{"footnotes":""},"class_list":["post-4314","page","type-page","status-publish","hentry"],"yoast_head":"<!-- This site is optimized with the Yoast SEO plugin v27.4 - https:\/\/yoast.com\/product\/yoast-seo-wordpress\/ -->\n<title>Woda i scieki - Pneumatische F\u00f6rdertechnik - OEKERMANN Abwassertechnik<\/title>\n<meta name=\"robots\" content=\"index, follow, max-snippet:-1, max-image-preview:large, max-video-preview:-1\" \/>\n<link rel=\"canonical\" href=\"https:\/\/www.oekermann.de\/pl\/tematy\/woda-i-scieki\/\" \/>\n<meta property=\"og:locale\" content=\"pl_PL\" \/>\n<meta property=\"og:type\" content=\"article\" \/>\n<meta property=\"og:title\" content=\"Woda i scieki - Pneumatische F\u00f6rdertechnik - OEKERMANN Abwassertechnik\" \/>\n<meta property=\"og:description\" content=\"Cz\u0105steczka wody to nie byle jaka substancja ale g\u0142\u00f3wny sk\u0142adnik (stanowi\u0105ca ponad 70%) naszego organizmu R\u00f3\u017cnorodne i wyrafinowane procesy chemiczne i techniczne, kt\u00f3re opracowali\u015bmy jako ludzie, w celu produkcji wody i pitnej i przemys\u0142owej ze \u015bciek\u00f3w, maj\u0105 ogromne znaczenie dla naszego zdrowia, jako\u015bci \u017cycia i podstawowych zasob\u00f3w. W sektorze \u015bciek\u00f3w pracuje niezliczona ilo\u015b\u0107 os\u00f3b iWeiterlesen &quot;Woda i scieki&quot;\" \/>\n<meta property=\"og:url\" content=\"https:\/\/www.oekermann.de\/pl\/tematy\/woda-i-scieki\/\" \/>\n<meta property=\"og:site_name\" content=\"Pneumatische F\u00f6rdertechnik - OEKERMANN Abwassertechnik\" \/>\n<meta property=\"article:publisher\" content=\"https:\/\/www.facebook.com\/pages\/Oekermann-Abwassertechnik\/1007781205906685\" \/>\n<meta property=\"article:modified_time\" content=\"2025-02-11T13:20:11+00:00\" \/>\n<meta name=\"twitter:card\" content=\"summary_large_image\" \/>\n<meta name=\"twitter:site\" content=\"@Oekermann\" \/>\n<meta name=\"twitter:label1\" content=\"Szacowany czas czytania\" \/>\n\t<meta name=\"twitter:data1\" content=\"2 minuty\" \/>\n<script type=\"application\/ld+json\" class=\"yoast-schema-graph\">{\"@context\":\"https:\\\/\\\/schema.org\",\"@graph\":[{\"@type\":\"WebPage\",\"@id\":\"https:\\\/\\\/www.oekermann.de\\\/pl\\\/tematy\\\/woda-i-scieki\\\/\",\"url\":\"https:\\\/\\\/www.oekermann.de\\\/pl\\\/tematy\\\/woda-i-scieki\\\/\",\"name\":\"Woda i scieki - Pneumatische F\u00f6rdertechnik - OEKERMANN Abwassertechnik\",\"isPartOf\":{\"@id\":\"https:\\\/\\\/www.oekermann.de\\\/#website\"},\"datePublished\":\"2022-06-30T07:08:12+00:00\",\"dateModified\":\"2025-02-11T13:20:11+00:00\",\"breadcrumb\":{\"@id\":\"https:\\\/\\\/www.oekermann.de\\\/pl\\\/tematy\\\/woda-i-scieki\\\/#breadcrumb\"},\"inLanguage\":\"pl-PL\",\"potentialAction\":[{\"@type\":\"ReadAction\",\"target\":[\"https:\\\/\\\/www.oekermann.de\\\/pl\\\/tematy\\\/woda-i-scieki\\\/\"]}]},{\"@type\":\"BreadcrumbList\",\"@id\":\"https:\\\/\\\/www.oekermann.de\\\/pl\\\/tematy\\\/woda-i-scieki\\\/#breadcrumb\",\"itemListElement\":[{\"@type\":\"ListItem\",\"position\":1,\"name\":\"Startseite\",\"item\":\"https:\\\/\\\/www.oekermann.de\\\/pl\\\/\"},{\"@type\":\"ListItem\",\"position\":2,\"name\":\"Tematy\",\"item\":\"https:\\\/\\\/www.oekermann.de\\\/pl\\\/tematy\\\/\"},{\"@type\":\"ListItem\",\"position\":3,\"name\":\"Woda i scieki\"}]},{\"@type\":\"WebSite\",\"@id\":\"https:\\\/\\\/www.oekermann.de\\\/#website\",\"url\":\"https:\\\/\\\/www.oekermann.de\\\/\",\"name\":\"Pneumatische F\u00f6rdertechnik - OEKERMANN Abwassertechnik\",\"description\":\"\",\"potentialAction\":[{\"@type\":\"SearchAction\",\"target\":{\"@type\":\"EntryPoint\",\"urlTemplate\":\"https:\\\/\\\/www.oekermann.de\\\/?s={search_term_string}\"},\"query-input\":{\"@type\":\"PropertyValueSpecification\",\"valueRequired\":true,\"valueName\":\"search_term_string\"}}],\"inLanguage\":\"pl-PL\"}]}<\/script>\n<!-- \/ Yoast SEO plugin. -->","yoast_head_json":{"title":"Woda i scieki - Pneumatische F\u00f6rdertechnik - OEKERMANN Abwassertechnik","robots":{"index":"index","follow":"follow","max-snippet":"max-snippet:-1","max-image-preview":"max-image-preview:large","max-video-preview":"max-video-preview:-1"},"canonical":"https:\/\/www.oekermann.de\/pl\/tematy\/woda-i-scieki\/","og_locale":"pl_PL","og_type":"article","og_title":"Woda i scieki - Pneumatische F\u00f6rdertechnik - OEKERMANN Abwassertechnik","og_description":"Cz\u0105steczka wody to nie byle jaka substancja ale g\u0142\u00f3wny sk\u0142adnik (stanowi\u0105ca ponad 70%) naszego organizmu R\u00f3\u017cnorodne i wyrafinowane procesy chemiczne i techniczne, kt\u00f3re opracowali\u015bmy jako ludzie, w celu produkcji wody i pitnej i przemys\u0142owej ze \u015bciek\u00f3w, maj\u0105 ogromne znaczenie dla naszego zdrowia, jako\u015bci \u017cycia i podstawowych zasob\u00f3w. W sektorze \u015bciek\u00f3w pracuje niezliczona ilo\u015b\u0107 os\u00f3b iWeiterlesen \"Woda i scieki\"","og_url":"https:\/\/www.oekermann.de\/pl\/tematy\/woda-i-scieki\/","og_site_name":"Pneumatische F\u00f6rdertechnik - OEKERMANN Abwassertechnik","article_publisher":"https:\/\/www.facebook.com\/pages\/Oekermann-Abwassertechnik\/1007781205906685","article_modified_time":"2025-02-11T13:20:11+00:00","twitter_card":"summary_large_image","twitter_site":"@Oekermann","twitter_misc":{"Szacowany czas czytania":"2 minuty"},"schema":{"@context":"https:\/\/schema.org","@graph":[{"@type":"WebPage","@id":"https:\/\/www.oekermann.de\/pl\/tematy\/woda-i-scieki\/","url":"https:\/\/www.oekermann.de\/pl\/tematy\/woda-i-scieki\/","name":"Woda i scieki - Pneumatische F\u00f6rdertechnik - OEKERMANN Abwassertechnik","isPartOf":{"@id":"https:\/\/www.oekermann.de\/#website"},"datePublished":"2022-06-30T07:08:12+00:00","dateModified":"2025-02-11T13:20:11+00:00","breadcrumb":{"@id":"https:\/\/www.oekermann.de\/pl\/tematy\/woda-i-scieki\/#breadcrumb"},"inLanguage":"pl-PL","potentialAction":[{"@type":"ReadAction","target":["https:\/\/www.oekermann.de\/pl\/tematy\/woda-i-scieki\/"]}]},{"@type":"BreadcrumbList","@id":"https:\/\/www.oekermann.de\/pl\/tematy\/woda-i-scieki\/#breadcrumb","itemListElement":[{"@type":"ListItem","position":1,"name":"Startseite","item":"https:\/\/www.oekermann.de\/pl\/"},{"@type":"ListItem","position":2,"name":"Tematy","item":"https:\/\/www.oekermann.de\/pl\/tematy\/"},{"@type":"ListItem","position":3,"name":"Woda i scieki"}]},{"@type":"WebSite","@id":"https:\/\/www.oekermann.de\/#website","url":"https:\/\/www.oekermann.de\/","name":"Pneumatische F\u00f6rdertechnik - OEKERMANN Abwassertechnik","description":"","potentialAction":[{"@type":"SearchAction","target":{"@type":"EntryPoint","urlTemplate":"https:\/\/www.oekermann.de\/?s={search_term_string}"},"query-input":{"@type":"PropertyValueSpecification","valueRequired":true,"valueName":"search_term_string"}}],"inLanguage":"pl-PL"}]}},"_links":{"self":[{"href":"https:\/\/www.oekermann.de\/pl\/wp-json\/wp\/v2\/pages\/4314","targetHints":{"allow":["GET"]}}],"collection":[{"href":"https:\/\/www.oekermann.de\/pl\/wp-json\/wp\/v2\/pages"}],"about":[{"href":"https:\/\/www.oekermann.de\/pl\/wp-json\/wp\/v2\/types\/page"}],"author":[{"embeddable":true,"href":"https:\/\/www.oekermann.de\/pl\/wp-json\/wp\/v2\/users\/1"}],"replies":[{"embeddable":true,"href":"https:\/\/www.oekermann.de\/pl\/wp-json\/wp\/v2\/comments?post=4314"}],"version-history":[{"count":1,"href":"https:\/\/www.oekermann.de\/pl\/wp-json\/wp\/v2\/pages\/4314\/revisions"}],"predecessor-version":[{"id":4330,"href":"https:\/\/www.oekermann.de\/pl\/wp-json\/wp\/v2\/pages\/4314\/revisions\/4330"}],"up":[{"embeddable":true,"href":"https:\/\/www.oekermann.de\/pl\/wp-json\/wp\/v2\/pages\/4310"}],"wp:attachment":[{"href":"https:\/\/www.oekermann.de\/pl\/wp-json\/wp\/v2\/media?parent=4314"}],"curies":[{"name":"wp","href":"https:\/\/api.w.org\/{rel}","templated":true}]}}