{"id":4734,"date":"2017-02-05T21:28:53","date_gmt":"2017-02-05T20:28:53","guid":{"rendered":"https:\/\/www.oekermann.de\/sitemap\/"},"modified":"2025-04-28T15:27:39","modified_gmt":"2025-04-28T13:27:39","slug":"sitemap","status":"publish","type":"page","link":"https:\/\/www.oekermann.de\/pl\/sitemap\/","title":{"rendered":"Mapa witryny"},"content":{"rendered":"<section>\n<div class=\"row\">\n<div class=\"col-sm-12 col-md-6 sitemap\">\n<ul class=\"link-list-1\">\n<li><strong><i class=\"fa fa-angle-double-right\"><\/i> <a href=\"\/\">Strona g\u0142\u00f3wna<\/a><\/strong><\/li>\n<\/ul>\n<ul class=\"link-list-1\">\n<li><strong><i class=\"fa fa-angle-double-right\"><\/i> <a href=\"https:\/\/www.oekermann.de\/ueber-uns\/\">O nas<\/a><\/strong>\n<ul>\n<li><i class=\"fa fa-angle-right\"><\/i> <a href=\"https:\/\/www.oekermann.de\/ueber-uns\/die-idee\/\">Pomys\u0142<\/a><\/li>\n<li><i class=\"fa fa-angle-right\"><\/i> <a href=\"https:\/\/www.oekermann.de\/ueber-uns\/philosophie\/\">Filozofia<\/a><\/li>\n<li><i class=\"fa fa-angle-right\"><\/i> <a href=\"https:\/\/www.oekermann.de\/ueber-uns\/meilensteine\/\">Kamienie milowe<\/a><\/li>\n<li><i class=\"fa fa-angle-right\"><\/i> <a href=\"https:\/\/www.oekermann.de\/ueber-uns\/reisemonteure\/\">Podr\u00f3\u017cuj\u0105cy mechanicy<\/a><\/li>\n<li><i class=\"fa fa-angle-right\"><\/i> <a href=\"https:\/\/www.oekermann.de\/ueber-uns\/karriere-bei-oekermann\/\">Kariera w OEKERMANN?<\/a><\/li>\n<li><i class=\"fa fa-angle-right\"><\/i> <a href=\"https:\/\/www.oekermann.de\/ueber-uns\/schuelerpraktikum\/\">Praktyki studenckie<\/a><\/li>\n<\/ul>\n<\/li>\n<\/ul>\n<ul class=\"link-list-1\">\n<li><strong><i class=\"fa fa-angle-double-right\"><\/i> <a href=\"https:\/\/www.oekermann.de\/produktgruppen\/\">Grupy produkt\u00f3w<\/a><\/strong>\n<ul>\n<li><i class=\"fa fa-angle-right\"><\/i> <a href=\"https:\/\/www.oekermann.de\/produktgruppen\/kleine-anlagen\/\">Ma\u0142e systemy<\/a><\/li>\n<li><i class=\"fa fa-angle-right\"><\/i> <a href=\"https:\/\/www.oekermann.de\/produktgruppen\/1-kessel-doppelanlagen\/\">Systemy podw\u00f3jne z 1 bojlerem<\/a><\/li>\n<li><i class=\"fa fa-angle-right\"><\/i> <a href=\"https:\/\/www.oekermann.de\/produktgruppen\/doppelanlagen\/\">Systemy podw\u00f3jne<\/a><\/li>\n<li><i class=\"fa fa-angle-right\"><\/i> <a href=\"https:\/\/www.oekermann.de\/produktgruppen\/drei-und-vierfachanlagen\/\">Systemy potr\u00f3jne i poczw\u00f3rne<\/a><\/li>\n<li><i class=\"fa fa-angle-right\"><\/i> <a href=\"https:\/\/www.oekermann.de\/produktgruppen\/kombination-pneumatik-pumpe\/\">Pneumatyka kombinowana + pompa<\/a><\/li>\n<\/ul>\n<\/li>\n<\/ul>\n<ul class=\"link-list-1\">\n<li><strong><i class=\"fa fa-angle-double-right\"><\/i> <a href=\"https:\/\/www.oekermann.de\/vorteile\/\">Zalety<\/a><\/strong>\n<ul>\n<li><i class=\"fa fa-angle-right\"><\/i> <a href=\"https:\/\/www.oekermann.de\/vorteile\/elektronische-steuerung\/\">Sterowanie elektroniczne<\/a><\/li>\n<li><i class=\"fa fa-angle-right\"><\/i> <a href=\"https:\/\/www.oekermann.de\/vorteile\/foerderung-geringer-wassermengen\/\">Brak gnicia i osad\u00f3w<\/a><\/li>\n<li><i class=\"fa fa-angle-right\"><\/i> <a href=\"https:\/\/www.oekermann.de\/vorteile\/hoehenueberwindung\/\">Elastyczny monta\u017c przewod\u00f3w ci\u015bnieniowych<\/a><\/li>\n<li><i class=\"fa fa-angle-right\"><\/i> <a href=\"https:\/\/www.oekermann.de\/vorteile\/druckleitungen\/\">Pokonywanie wi\u0119kszych odleg\u0142o\u015bci<\/a><\/li>\n<li><i class=\"fa fa-angle-right\"><\/i> <a href=\"https:\/\/www.oekermann.de\/vorteile\/keine-verstopfung\/\">Brak blokad<\/a><\/li>\n<li><i class=\"fa fa-angle-right\"><\/i> <a href=\"https:\/\/www.oekermann.de\/vorteile\/wirtschaftlichkeit\/\">Gospodarka<\/a><\/li>\n<li><i class=\"fa fa-angle-right\"><\/i> <a href=\"https:\/\/www.oekermann.de\/vorteile\/verbundsysteme\/\">Systemy kompozytowe<\/a><\/li>\n<\/ul>\n<\/li>\n<\/ul>\n<ul class=\"link-list-1\">\n<li><strong><i class=\"fa fa-angle-double-right\"><\/i> <a href=\"https:\/\/www.oekermann.de\/wartung\/\">Konserwacja<\/a><\/strong>\n<ul>\n<li><i class=\"fa fa-angle-right\"><\/i> <a href=\"https:\/\/www.oekermann.de\/wartung\/ersatzteile\/\">Cz\u0119\u015bci zamienne<\/a><\/li>\n<li><i class=\"fa fa-angle-right\"><\/i> <a href=\"https:\/\/www.oekermann.de\/wartung\/oekermann-abwassertechnik-in-bayern\/\">Technologia oczyszczania \u015bciek\u00f3w Oekermann w Bawarii<\/a><\/li>\n<li><i class=\"fa fa-angle-right\"><\/i> <a href=\"https:\/\/www.oekermann.de\/wartung\/pneumatische-abwasserfoerderanlagen-in-oesterreich\/\">Pneumatyczne systemy pompowania \u015bciek\u00f3w w Austrii<\/a><\/li>\n<li><i class=\"fa fa-angle-right\"><\/i> <a href=\"https:\/\/www.oekermann.de\/wartung\/service-bei-der-pneumatischen-abwasser-foerderung\/\">Us\u0142uga pneumatycznego transportu \u015bciek\u00f3w<\/a><\/li>\n<\/ul>\n<\/li>\n<\/ul>\n<ul class=\"link-list-1\">\n<li><strong><i class=\"fa fa-angle-double-right\"><\/i> <a href=\"https:\/\/www.oekermann.de\/themen\/\">Tematy<\/a><\/strong>\n<ul>\n<li><i class=\"fa fa-angle-right\"><\/i> <a href=\"https:\/\/www.oekermann.de\/themen\/ruecklaeufiger-wasserverbrauch\/\">Malej\u0105ce zu\u017cycie wody<\/a><\/li>\n<li><i class=\"fa fa-angle-right\"><\/i> <a href=\"https:\/\/www.oekermann.de\/themen\/hygiene-und-gesundheit\/\">Higiena i zdrowie<\/a><\/li>\n<li><i class=\"fa fa-angle-right\"><\/i> <a href=\"https:\/\/www.oekermann.de\/themen\/wasser-und-abwasser\/\">Woda i \u015bcieki<\/a><\/li>\n<li><i class=\"fa fa-angle-right\"><\/i> <a href=\"https:\/\/www.oekermann.de\/themen\/geruchsfreiheit\/\">Bezwonny?<\/a><\/li>\n<\/ul>\n<\/li>\n<\/ul>\n<\/ul>\n<\/div>\n<div class=\"col-sm-12 col-md-6 sitemap\">\n<ul class=\"link-list-1\">\n<li><strong><i class=\"fa fa-angle-double-right\"><\/i> <a href=\"https:\/\/www.oekermann.de\/projekt-fotos\/\">Zdj\u0119cia z projektu<\/a><\/strong>\n<ul>\n<li><i class=\"fa fa-angle-right\"><\/i> <a href=\"https:\/\/www.oekermann.de\/projekt-fotos\/freizeitanlagen-campingplaetze\/\">Obiekty rekreacyjne i kempingi<\/a><\/li>\n<li><i class=\"fa fa-angle-right\"><\/i> <a href=\"https:\/\/www.oekermann.de\/projekt-fotos\/industrieanlagen\/\">Zak\u0142ady przemys\u0142owe<\/a><\/li>\n<li><i class=\"fa fa-angle-right\"><\/i> <a href=\"https:\/\/www.oekermann.de\/projekt-fotos\/siedlungen-im-laendlichen-raum\/\">Osady na obszarach wiejskich<\/a><\/li>\n<li><i class=\"fa fa-angle-right\"><\/i> <a href=\"https:\/\/www.oekermann.de\/projekt-fotos\/pwc-anlagen-raststaetten\/\">Obiekty PWC \/ obszary obs\u0142ugi autostrad<\/a><\/li>\n<\/ul>\n<\/li>\n<\/ul>\n<ul class=\"link-list-1\">\n<li><strong><i class=\"fa fa-angle-double-right\"><\/i> <a href=\"https:\/\/www.oekermann.de\/fachbegriffe\/\">S\u0142owniczek termin\u00f3w<\/a><\/strong>\n<ul>\n<li><i class=\"fa fa-angle-right\"><\/i> <a href=\"https:\/\/www.oekermann.de\/fachbegriffe\/abwasser\/\">\u015acieki<\/a><\/li>\n<li><i class=\"fa fa-angle-right\"><\/i> <a href=\"https:\/\/www.oekermann.de\/fachbegriffe\/alternative-abwasserentsorgung\/\">Alternatywne odprowadzanie \u015bciek\u00f3w<\/a><\/li>\n<li><i class=\"fa fa-angle-right\"><\/i> <a href=\"https:\/\/www.oekermann.de\/fachbegriffe\/druckluftspuelstation\/\">Stacja oczyszczania spr\u0119\u017conym powietrzem<\/a><\/li>\n<li><i class=\"fa fa-angle-right\"><\/i> <a href=\"https:\/\/www.oekermann.de\/fachbegriffe\/nachblasautomatik\/\">Automatyczne przedmuchiwanie<\/a><\/li>\n<li><i class=\"fa fa-angle-right\"><\/i> <a href=\"https:\/\/www.oekermann.de\/fachbegriffe\/pwc-anlagen\/\">Systemy PWC<\/a><\/li>\n<li><i class=\"fa fa-angle-right\"><\/i> <a href=\"https:\/\/www.oekermann.de\/fachbegriffe\/sickerwasserableitung\/\">Odprowadzanie odciek\u00f3w<\/a><\/li>\n<li><i class=\"fa fa-angle-right\"><\/i> <a href=\"https:\/\/www.oekermann.de\/fachbegriffe\/vakuumentwaesserung\/\">Odwadnianie pr\u00f3\u017cniowe<\/a><\/li>\n<\/ul>\n<\/li>\n<\/ul>\n<ul class=\"link-list-1\">\n<li><strong><i class=\"fa fa-angle-double-right\"><\/i> <a href=\"https:\/\/www.oekermann.de\/anwendungsfaelle\/\">Przypadki u\u017cycia<\/a><\/strong>\n<ul>\n<li><i class=\"fa fa-angle-right\"><\/i> <a href=\"https:\/\/www.oekermann.de\/produktgruppen\/doppelanlagen\/\">Ma\u0142e wioski i dzielnice<\/a><\/li>\n<li><i class=\"fa fa-angle-right\"><\/i> <a href=\"https:\/\/www.oekermann.de\/anwendungsfaelle\/abwasserentsorgung-von-autobahn-rastplaetzen\/\">Odprowadzanie \u015bciek\u00f3w z miejsc obs\u0142ugi podr\u00f3\u017cnych przy autostradach<\/a><\/li>\n<li><i class=\"fa fa-angle-right\"><\/i> <a href=\"https:\/\/www.oekermann.de\/anwendungsfaelle\/campingplaetze\/\">Obiekty rekreacyjne<\/a><\/li>\n<li><i class=\"fa fa-angle-right\"><\/i> <a href=\"https:\/\/www.oekermann.de\/anwendungsfaelle\/pneumatische-pumpwerke-fuer-den-bereich-energieversorgung\/\">Obszar dostaw energii<\/a><\/li>\n<li><i class=\"fa fa-angle-right\"><\/i> <a href=\"https:\/\/www.oekermann.de\/fachbegriffe\/sickerwasserableitung\/\">Odcieki ze sk\u0142adowisk odpad\u00f3w<\/a><\/li>\n<li><i class=\"fa fa-angle-right\"><\/i> <a href=\"https:\/\/www.oekermann.de\/anwendungsfaelle\/abwasserentsorgung-von-golfclubs\/\">Pola golfowe<\/a><\/li>\n<li><i class=\"fa fa-angle-right\"><\/i> <a href=\"https:\/\/www.oekermann.de\/anwendungsfaelle\/pneumatische-abwasserfoerderung-in-der-landwirtschaft\/\">Rolnictwo<\/a><\/li>\n<\/ul>\n<\/li>\n<li><strong><i class=\"fa fa-angle-double-right\"><\/i> <a href=\"https:\/\/www.oekermann.de\/kontakt\/\">Skontaktuj si\u0119 z nami<\/a><\/strong>\n<ul>\n<li><i class=\"fa fa-angle-right\"><\/i> <a href=\"https:\/\/www.oekermann.de\/kontakt\/ihre-ansprechpartner\/\">Osoby kontaktowe<\/a><\/li>\n<li><i class=\"fa fa-angle-right\"><\/i> <a href=\"https:\/\/www.oekermann.de\/kontakt\/vertriebsbereiche\/\">Obszary sprzeda\u017cy<\/a><\/li>\n<li><i class=\"fa fa-angle-right\"><\/i> <a href=\"https:\/\/www.oekermann.de\/?page_id=828\">Wakaty<\/a><\/li>\n<\/ul>\n<\/li>\n<li><strong><i class=\"fa fa-angle-double-right\"><\/i> <a href=\"https:\/\/www.oekermann.de\/?page_id=828\">Wakaty<\/a><\/strong>\n<ul>\n<li><i class=\"fa fa-angle-double-right\"><\/i> <a href=\"https:\/\/www.oekermann.de\/?page_id=3924\">Monter serwisu terenowego z mo\u017cliwo\u015bci\u0105 awansu na kierownika monta\u017cu (m\/k\/d)<\/a><\/li>\n<\/ul>\n<\/li>\n<li><strong><i class=\"fa fa-angle-double-right\"><\/i> <a href=\"https:\/\/www.oekermann.de\/pneumatische-abwasserfoerderung-vs-konventionelle-pumpentechnik\/\">Por\u00f3wnanie pneumatycznego pompowania \u015bciek\u00f3w z technologi\u0105 pomp konwencjonalnych<\/a><\/strong><\/li>\n<li><strong><i class=\"fa fa-angle-double-right\"><\/i> <a href=\"https:\/\/www.oekermann.de\/downloads\/\">Pliki do pobrania<\/a><\/strong><\/li>\n<li><strong><i class=\"fa fa-angle-double-right\"><\/i> <a href=\"https:\/\/www.oekermann.de\/datenschutz\/\">Ochrona Danych<\/a><\/strong><\/li>\n<li><strong><i class=\"fa fa-angle-double-right\"><\/i> <a href=\"https:\/\/www.oekermann.de\/impressum\/\">Nota Prawna<\/a><\/strong><\/li>\n<\/ul>\n<\/div>\n<\/div>\n<\/section>\n","protected":false},"excerpt":{"rendered":"<p>Strona g\u0142\u00f3wna O nas Pomys\u0142 Filozofia Kamienie milowe Podr\u00f3\u017cuj\u0105cy mechanicy Kariera w OEKERMANN? Praktyki studenckie Grupy produkt\u00f3w Ma\u0142e systemy Systemy podw\u00f3jne z 1 bojlerem Systemy podw\u00f3jne Systemy potr\u00f3jne i poczw\u00f3rne Pneumatyka kombinowana + pompa Zalety Sterowanie elektroniczne Brak gnicia i osad\u00f3w Elastyczny monta\u017c przewod\u00f3w ci\u015bnieniowych Pokonywanie wi\u0119kszych odleg\u0142o\u015bci Brak blokad Gospodarka Systemy kompozytowe Konserwacja Cz\u0119\u015bci<\/p>\n<p class=\"link-more\"><a href=\"https:\/\/www.oekermann.de\/pl\/sitemap\/\" class=\"envor-btn\">Weiterlesen<span class=\"screen-reader-text\"> &#8220;Mapa witryny&#8221;<\/span><\/a><\/p>\n","protected":false},"author":2,"featured_media":0,"parent":0,"menu_order":0,"comment_status":"closed","ping_status":"closed","template":"","meta":{"footnotes":""},"class_list":["post-4734","page","type-page","status-publish","hentry"],"yoast_head":"<!-- This site is optimized with the Yoast SEO plugin v27.4 - https:\/\/yoast.com\/product\/yoast-seo-wordpress\/ -->\n<title>Mapa witryny - Pneumatische F\u00f6rdertechnik - OEKERMANN Abwassertechnik<\/title>\n<meta name=\"robots\" content=\"index, follow, max-snippet:-1, max-image-preview:large, max-video-preview:-1\" \/>\n<link rel=\"canonical\" href=\"https:\/\/www.oekermann.de\/pl\/sitemap\/\" \/>\n<meta property=\"og:locale\" content=\"pl_PL\" \/>\n<meta property=\"og:type\" content=\"article\" \/>\n<meta property=\"og:title\" content=\"Mapa witryny - Pneumatische F\u00f6rdertechnik - OEKERMANN Abwassertechnik\" \/>\n<meta property=\"og:description\" content=\"Strona g\u0142\u00f3wna O nas Pomys\u0142 Filozofia Kamienie milowe Podr\u00f3\u017cuj\u0105cy mechanicy Kariera w OEKERMANN? Praktyki studenckie Grupy produkt\u00f3w Ma\u0142e systemy Systemy podw\u00f3jne z 1 bojlerem Systemy podw\u00f3jne Systemy potr\u00f3jne i poczw\u00f3rne Pneumatyka kombinowana + pompa Zalety Sterowanie elektroniczne Brak gnicia i osad\u00f3w Elastyczny monta\u017c przewod\u00f3w ci\u015bnieniowych Pokonywanie wi\u0119kszych odleg\u0142o\u015bci Brak blokad Gospodarka Systemy kompozytowe Konserwacja Cz\u0119\u015bciWeiterlesen &quot;Mapa witryny&quot;\" \/>\n<meta property=\"og:url\" content=\"https:\/\/www.oekermann.de\/pl\/sitemap\/\" \/>\n<meta property=\"og:site_name\" content=\"Pneumatische F\u00f6rdertechnik - OEKERMANN Abwassertechnik\" \/>\n<meta property=\"article:publisher\" content=\"https:\/\/www.facebook.com\/pages\/Oekermann-Abwassertechnik\/1007781205906685\" \/>\n<meta property=\"article:modified_time\" content=\"2025-04-28T13:27:39+00:00\" \/>\n<meta name=\"twitter:card\" content=\"summary_large_image\" \/>\n<meta name=\"twitter:site\" content=\"@Oekermann\" \/>\n<meta name=\"twitter:label1\" content=\"Szacowany czas czytania\" \/>\n\t<meta name=\"twitter:data1\" content=\"2 minuty\" \/>\n<script type=\"application\/ld+json\" class=\"yoast-schema-graph\">{\"@context\":\"https:\\\/\\\/schema.org\",\"@graph\":[{\"@type\":\"WebPage\",\"@id\":\"https:\\\/\\\/www.oekermann.de\\\/pl\\\/sitemap\\\/\",\"url\":\"https:\\\/\\\/www.oekermann.de\\\/pl\\\/sitemap\\\/\",\"name\":\"Mapa witryny - Pneumatische F\u00f6rdertechnik - OEKERMANN Abwassertechnik\",\"isPartOf\":{\"@id\":\"https:\\\/\\\/www.oekermann.de\\\/#website\"},\"datePublished\":\"2017-02-05T20:28:53+00:00\",\"dateModified\":\"2025-04-28T13:27:39+00:00\",\"breadcrumb\":{\"@id\":\"https:\\\/\\\/www.oekermann.de\\\/pl\\\/sitemap\\\/#breadcrumb\"},\"inLanguage\":\"pl-PL\",\"potentialAction\":[{\"@type\":\"ReadAction\",\"target\":[\"https:\\\/\\\/www.oekermann.de\\\/pl\\\/sitemap\\\/\"]}]},{\"@type\":\"BreadcrumbList\",\"@id\":\"https:\\\/\\\/www.oekermann.de\\\/pl\\\/sitemap\\\/#breadcrumb\",\"itemListElement\":[{\"@type\":\"ListItem\",\"position\":1,\"name\":\"Startseite\",\"item\":\"https:\\\/\\\/www.oekermann.de\\\/pl\\\/\"},{\"@type\":\"ListItem\",\"position\":2,\"name\":\"Mapa witryny\"}]},{\"@type\":\"WebSite\",\"@id\":\"https:\\\/\\\/www.oekermann.de\\\/#website\",\"url\":\"https:\\\/\\\/www.oekermann.de\\\/\",\"name\":\"Pneumatische F\u00f6rdertechnik - OEKERMANN Abwassertechnik\",\"description\":\"\",\"potentialAction\":[{\"@type\":\"SearchAction\",\"target\":{\"@type\":\"EntryPoint\",\"urlTemplate\":\"https:\\\/\\\/www.oekermann.de\\\/?s={search_term_string}\"},\"query-input\":{\"@type\":\"PropertyValueSpecification\",\"valueRequired\":true,\"valueName\":\"search_term_string\"}}],\"inLanguage\":\"pl-PL\"}]}<\/script>\n<!-- \/ Yoast SEO plugin. -->","yoast_head_json":{"title":"Mapa witryny - Pneumatische F\u00f6rdertechnik - OEKERMANN Abwassertechnik","robots":{"index":"index","follow":"follow","max-snippet":"max-snippet:-1","max-image-preview":"max-image-preview:large","max-video-preview":"max-video-preview:-1"},"canonical":"https:\/\/www.oekermann.de\/pl\/sitemap\/","og_locale":"pl_PL","og_type":"article","og_title":"Mapa witryny - Pneumatische F\u00f6rdertechnik - OEKERMANN Abwassertechnik","og_description":"Strona g\u0142\u00f3wna O nas Pomys\u0142 Filozofia Kamienie milowe Podr\u00f3\u017cuj\u0105cy mechanicy Kariera w OEKERMANN? Praktyki studenckie Grupy produkt\u00f3w Ma\u0142e systemy Systemy podw\u00f3jne z 1 bojlerem Systemy podw\u00f3jne Systemy potr\u00f3jne i poczw\u00f3rne Pneumatyka kombinowana + pompa Zalety Sterowanie elektroniczne Brak gnicia i osad\u00f3w Elastyczny monta\u017c przewod\u00f3w ci\u015bnieniowych Pokonywanie wi\u0119kszych odleg\u0142o\u015bci Brak blokad Gospodarka Systemy kompozytowe Konserwacja Cz\u0119\u015bciWeiterlesen \"Mapa witryny\"","og_url":"https:\/\/www.oekermann.de\/pl\/sitemap\/","og_site_name":"Pneumatische F\u00f6rdertechnik - OEKERMANN Abwassertechnik","article_publisher":"https:\/\/www.facebook.com\/pages\/Oekermann-Abwassertechnik\/1007781205906685","article_modified_time":"2025-04-28T13:27:39+00:00","twitter_card":"summary_large_image","twitter_site":"@Oekermann","twitter_misc":{"Szacowany czas czytania":"2 minuty"},"schema":{"@context":"https:\/\/schema.org","@graph":[{"@type":"WebPage","@id":"https:\/\/www.oekermann.de\/pl\/sitemap\/","url":"https:\/\/www.oekermann.de\/pl\/sitemap\/","name":"Mapa witryny - Pneumatische F\u00f6rdertechnik - OEKERMANN Abwassertechnik","isPartOf":{"@id":"https:\/\/www.oekermann.de\/#website"},"datePublished":"2017-02-05T20:28:53+00:00","dateModified":"2025-04-28T13:27:39+00:00","breadcrumb":{"@id":"https:\/\/www.oekermann.de\/pl\/sitemap\/#breadcrumb"},"inLanguage":"pl-PL","potentialAction":[{"@type":"ReadAction","target":["https:\/\/www.oekermann.de\/pl\/sitemap\/"]}]},{"@type":"BreadcrumbList","@id":"https:\/\/www.oekermann.de\/pl\/sitemap\/#breadcrumb","itemListElement":[{"@type":"ListItem","position":1,"name":"Startseite","item":"https:\/\/www.oekermann.de\/pl\/"},{"@type":"ListItem","position":2,"name":"Mapa witryny"}]},{"@type":"WebSite","@id":"https:\/\/www.oekermann.de\/#website","url":"https:\/\/www.oekermann.de\/","name":"Pneumatische F\u00f6rdertechnik - OEKERMANN Abwassertechnik","description":"","potentialAction":[{"@type":"SearchAction","target":{"@type":"EntryPoint","urlTemplate":"https:\/\/www.oekermann.de\/?s={search_term_string}"},"query-input":{"@type":"PropertyValueSpecification","valueRequired":true,"valueName":"search_term_string"}}],"inLanguage":"pl-PL"}]}},"_links":{"self":[{"href":"https:\/\/www.oekermann.de\/pl\/wp-json\/wp\/v2\/pages\/4734","targetHints":{"allow":["GET"]}}],"collection":[{"href":"https:\/\/www.oekermann.de\/pl\/wp-json\/wp\/v2\/pages"}],"about":[{"href":"https:\/\/www.oekermann.de\/pl\/wp-json\/wp\/v2\/types\/page"}],"author":[{"embeddable":true,"href":"https:\/\/www.oekermann.de\/pl\/wp-json\/wp\/v2\/users\/2"}],"replies":[{"embeddable":true,"href":"https:\/\/www.oekermann.de\/pl\/wp-json\/wp\/v2\/comments?post=4734"}],"version-history":[{"count":5,"href":"https:\/\/www.oekermann.de\/pl\/wp-json\/wp\/v2\/pages\/4734\/revisions"}],"predecessor-version":[{"id":4903,"href":"https:\/\/www.oekermann.de\/pl\/wp-json\/wp\/v2\/pages\/4734\/revisions\/4903"}],"wp:attachment":[{"href":"https:\/\/www.oekermann.de\/pl\/wp-json\/wp\/v2\/media?parent=4734"}],"curies":[{"name":"wp","href":"https:\/\/api.w.org\/{rel}","templated":true}]}}